{"id":66,"date":"2024-10-03T15:28:09","date_gmt":"2024-10-03T13:28:09","guid":{"rendered":"https:\/\/targetonefestival.pl\/?page_id=66"},"modified":"2026-04-07T19:02:26","modified_gmt":"2026-04-07T17:02:26","slug":"strona-glowna","status":"publish","type":"page","link":"https:\/\/targetonefestival.pl\/en\/","title":{"rendered":"Strona g\u0142\u00f3wna"},"content":{"rendered":"<div data-elementor-type=\"wp-post\" data-elementor-id=\"66\" class=\"elementor elementor-66\" data-elementor-post-type=\"page\">\n\t\t\t\t<div class=\"elementor-element elementor-element-799a446 e-flex e-con-boxed e-con e-parent\" data-id=\"799a446\" data-element_type=\"container\" data-settings=\"{&quot;background_background&quot;:&quot;video&quot;,&quot;background_video_link&quot;:&quot;https:\\\/\\\/www.youtube.com\\\/watch?v=4RPlutU5hNc&quot;,&quot;background_video_start&quot;:14}\">\n\t\t\t\t\t<div class=\"e-con-inner\">\n\t\t<div class=\"elementor-background-video-container elementor-hidden-phone\">\n\t\t\t\t\t\t\t<div class=\"elementor-background-video-embed\"><\/div>\n\t\t\t\t\t\t<\/div><div class=\"elementor-element elementor-element-f4ace75 e-grid e-con-full e-con e-child\" data-id=\"f4ace75\" data-element_type=\"container\">\n\t\t\t\t<div class=\"elementor-element elementor-element-7b41587 elementor-widget elementor-widget-image\" data-id=\"7b41587\" data-element_type=\"widget\" data-widget_type=\"image.default\">\n\t\t\t\t<div class=\"elementor-widget-container\">\n\t\t\t\t\t\t\t\t\t\t\t\t\t<img fetchpriority=\"high\" decoding=\"async\" width=\"1080\" height=\"1350\" src=\"https:\/\/targetonefestival.pl\/wp-content\/uploads\/2026\/04\/FULL-LU-F.webp\" class=\"attachment-full size-full wp-image-2109\" alt=\"\" srcset=\"https:\/\/targetonefestival.pl\/wp-content\/uploads\/2026\/04\/FULL-LU-F.webp 1080w, https:\/\/targetonefestival.pl\/wp-content\/uploads\/2026\/04\/FULL-LU-F-240x300.webp 240w, https:\/\/targetonefestival.pl\/wp-content\/uploads\/2026\/04\/FULL-LU-F-819x1024.webp 819w, https:\/\/targetonefestival.pl\/wp-content\/uploads\/2026\/04\/FULL-LU-F-768x960.webp 768w, https:\/\/targetonefestival.pl\/wp-content\/uploads\/2026\/04\/FULL-LU-F-10x12.webp 10w\" sizes=\"(max-width: 1080px) 100vw, 1080px\" \/>\t\t\t\t\t\t\t\t\t\t\t\t\t<\/div>\n\t\t\t\t<\/div>\n\t\t\t\t<div class=\"elementor-element elementor-element-d5cfc4a elementor-widget elementor-widget-text-editor\" data-id=\"d5cfc4a\" data-element_type=\"widget\" data-widget_type=\"text-editor.default\">\n\t\t\t\t<div class=\"elementor-widget-container\">\n\t\t\t\t\t\t\t<h1><strong>TARGET ONE FESTIVAL 2026<\/strong><\/h1><p>It's time for another edition of one of the largest electronic music festivals in Poland.<\/p><p>New location, 4 music climates (Trance, Techno, Hard techno, Hardstyle), two stages and over 60 artists!<\/p><p>Check out the full lineup. Tickets are now available for purchase.<\/p>\t\t\t\t\t\t<\/div>\n\t\t\t\t<\/div>\n\t\t\t\t<\/div>\n\t\t\t\t\t<\/div>\n\t\t\t\t<\/div>\n\t\t<div class=\"elementor-element elementor-element-2d0f36a e-flex e-con-boxed e-con e-parent\" data-id=\"2d0f36a\" data-element_type=\"container\" data-settings=\"{&quot;background_background&quot;:&quot;classic&quot;}\">\n\t\t\t\t\t<div class=\"e-con-inner\">\n\t\t<div class=\"elementor-element elementor-element-bd28202 e-con-full e-flex e-con e-child\" data-id=\"bd28202\" data-element_type=\"container\">\n\t\t<div class=\"elementor-element elementor-element-d30d436 e-grid e-con-boxed e-con e-child\" data-id=\"d30d436\" data-element_type=\"container\">\n\t\t\t\t\t<div class=\"e-con-inner\">\n\t\t\t\t<div class=\"elementor-element elementor-element-575c628 elementor-align-center elementor-widget elementor-widget-button\" data-id=\"575c628\" data-element_type=\"widget\" data-widget_type=\"button.default\">\n\t\t\t\t<div class=\"elementor-widget-container\">\n\t\t\t\t\t<div class=\"elementor-button-wrapper\">\n\t\t\t<a class=\"elementor-button elementor-button-link elementor-size-sm elementor-animation-grow\" href=\"https:\/\/www.ticketmaster.pl\/artist\/target-one-festival-bilety\/1444103\">\n\t\t\t\t\t\t<span class=\"elementor-button-content-wrapper\">\n\t\t\t\t\t\t\t\t\t<span class=\"elementor-button-text\">TICKETS<\/span>\n\t\t\t\t\t<\/span>\n\t\t\t\t\t<\/a>\n\t\t<\/div>\n\t\t\t\t<\/div>\n\t\t\t\t<\/div>\n\t\t\t\t<div class=\"elementor-element elementor-element-495647e elementor-align-center elementor-widget__width-auto elementor-widget elementor-widget-button\" data-id=\"495647e\" data-element_type=\"widget\" data-widget_type=\"button.default\">\n\t\t\t\t<div class=\"elementor-widget-container\">\n\t\t\t\t\t<div class=\"elementor-button-wrapper\">\n\t\t\t<a class=\"elementor-button elementor-button-link elementor-size-sm elementor-animation-grow\" href=\"https:\/\/targetonefestival.pl\/en\/lineup\/\">\n\t\t\t\t\t\t<span class=\"elementor-button-content-wrapper\">\n\t\t\t\t\t\t\t\t\t<span class=\"elementor-button-text\">LINE-UP<\/span>\n\t\t\t\t\t<\/span>\n\t\t\t\t\t<\/a>\n\t\t<\/div>\n\t\t\t\t<\/div>\n\t\t\t\t<\/div>\n\t\t\t\t\t<\/div>\n\t\t\t\t<\/div>\n\t\t\t\t<\/div>\n\t\t\t\t\t<\/div>\n\t\t\t\t<\/div>\n\t\t<div class=\"elementor-element elementor-element-71cd02e e-flex e-con-boxed e-con e-parent\" data-id=\"71cd02e\" data-element_type=\"container\" data-settings=\"{&quot;background_background&quot;:&quot;classic&quot;}\">\n\t\t\t\t\t<div class=\"e-con-inner\">\n\t\t\t\t<div class=\"elementor-element elementor-element-775438e elementor-widget elementor-widget-heading\" data-id=\"775438e\" data-element_type=\"widget\" data-widget_type=\"heading.default\">\n\t\t\t\t<div class=\"elementor-widget-container\">\n\t\t\t<h2 class=\"elementor-heading-title elementor-size-default\">COUNTDOWN TO\n<\/BR>TARGET ONE FESTIVAL 2026<\/h2>\t\t<\/div>\n\t\t\t\t<\/div>\n\t\t\t\t<div class=\"elementor-element elementor-element-1698ac3 elementor-countdown--label-block elementor-widget elementor-widget-countdown\" data-id=\"1698ac3\" data-element_type=\"widget\" data-widget_type=\"countdown.default\">\n\t\t\t\t<div class=\"elementor-widget-container\">\n\t\t\t\t\t<div class=\"elementor-countdown-wrapper\" data-date=\"1780066800\">\n\t\t\t<div class=\"elementor-countdown-item\"><span class=\"elementor-countdown-digits elementor-countdown-days\"><\/span> <span class=\"elementor-countdown-label\">Days<\/span><\/div><div class=\"elementor-countdown-item\"><span class=\"elementor-countdown-digits elementor-countdown-hours\"><\/span> <span class=\"elementor-countdown-label\">Hours<\/span><\/div><div class=\"elementor-countdown-item\"><span class=\"elementor-countdown-digits elementor-countdown-minutes\"><\/span> <span class=\"elementor-countdown-label\">Minutes<\/span><\/div><div class=\"elementor-countdown-item\"><span class=\"elementor-countdown-digits elementor-countdown-seconds\"><\/span> <span class=\"elementor-countdown-label\">Seconds<\/span><\/div>\t\t<\/div>\n\t\t\t\t<\/div>\n\t\t\t\t<\/div>\n\t\t\t\t\t<\/div>\n\t\t\t\t<\/div>\n\t\t<div class=\"elementor-element elementor-element-e716244 e-flex e-con-boxed e-con e-parent\" data-id=\"e716244\" data-element_type=\"container\" data-settings=\"{&quot;background_background&quot;:&quot;classic&quot;}\">\n\t\t\t\t\t<div class=\"e-con-inner\">\n\t\t<div class=\"elementor-element elementor-element-9f99329 e-con-full e-flex e-con e-child\" data-id=\"9f99329\" data-element_type=\"container\" data-settings=\"{&quot;background_background&quot;:&quot;classic&quot;}\">\n\t\t\t\t<div class=\"elementor-element elementor-element-373eba0 elementor-widget elementor-widget-heading\" data-id=\"373eba0\" data-element_type=\"widget\" data-widget_type=\"heading.default\">\n\t\t\t\t<div class=\"elementor-widget-container\">\n\t\t\t<h2 class=\"elementor-heading-title elementor-size-default\">SEE THE PREVIEW<\/h2>\t\t<\/div>\n\t\t\t\t<\/div>\n\t\t\t\t<div class=\"elementor-element elementor-element-b219d14 elementor-widget elementor-widget-video\" data-id=\"b219d14\" data-element_type=\"widget\" data-settings=\"{&quot;video_type&quot;:&quot;hosted&quot;,&quot;show_image_overlay&quot;:&quot;yes&quot;,&quot;image_overlay&quot;:{&quot;url&quot;:&quot;https:\\\/\\\/targetonefestival.pl\\\/wp-content\\\/uploads\\\/2026\\\/01\\\/Zrzut-ekranu-2026-01-12-o-17.58.03-scaled.png&quot;,&quot;id&quot;:1765,&quot;size&quot;:&quot;&quot;,&quot;alt&quot;:&quot;&quot;,&quot;source&quot;:&quot;library&quot;},&quot;controls&quot;:&quot;yes&quot;}\" data-widget_type=\"video.default\">\n\t\t\t\t<div class=\"elementor-widget-container\">\n\t\t\t\t\t<div class=\"e-hosted-video elementor-wrapper elementor-open-inline\">\n\t\t\t\t\t<video class=\"elementor-video\" src=\"https:\/\/targetonefestival.pl\/wp-content\/uploads\/2026\/01\/T26_TEASER_V3.mov\" controls=\"\" preload=\"metadata\" controlslist=\"nodownload\"><\/video>\n\t\t\t\t\t\t<div class=\"elementor-custom-embed-image-overlay\" style=\"background-image: url(https:\/\/targetonefestival.pl\/wp-content\/uploads\/2026\/01\/Zrzut-ekranu-2026-01-12-o-17.58.03-scaled.png);\">\n\t\t\t\t\t\t\t\t\t\t\t\t\t\t\t\t<div class=\"elementor-custom-embed-play\" role=\"button\" aria-label=\"Odtw\u00f3rz wideo\" tabindex=\"0\">\n\t\t\t\t\t\t\t<svg aria-hidden=\"true\" class=\"e-font-icon-svg e-eicon-play\" viewbox=\"0 0 1000 1000\" xmlns=\"http:\/\/www.w3.org\/2000\/svg\"><path d=\"M838 162C746 71 633 25 500 25 371 25 258 71 163 162 71 254 25 367 25 500 25 633 71 746 163 837 254 929 367 979 500 979 633 979 746 933 838 837 929 746 975 633 975 500 975 367 929 254 838 162M808 192C892 279 933 379 933 500 933 621 892 725 808 808 725 892 621 938 500 938 379 938 279 896 196 808 113 725 67 621 67 500 67 379 108 279 196 192 279 108 383 62 500 62 621 62 721 108 808 192M438 392V642L642 517 438 392Z\"><\/path><\/svg>\t\t\t\t\t\t\t<span class=\"elementor-screen-only\">Odtw\u00f3rz wideo<\/span>\n\t\t\t\t\t\t<\/div>\n\t\t\t\t\t\t\t\t\t<\/div>\n\t\t\t\t\t<\/div>\n\t\t\t\t<\/div>\n\t\t\t\t<\/div>\n\t\t\t\t<\/div>\n\t\t\t\t\t<\/div>\n\t\t\t\t<\/div>\n\t\t\t\t<\/div>","protected":false},"excerpt":{"rendered":"<p>TARGET ONE FESTIVAL 2026 Czas na kolejn\u0105 edycj\u0119 jednego z najwi\u0119kszych festiwali muzyki elektronicznej w Polsce. Nowa lokalizacja, 4 klimaty muzyczne (Trance, Techno, Hard techno, Hardstyle), dwie sceny i ponad 60 artyst\u00f3w! Sprawd\u017a pe\u0142en lineup. Bilety dost\u0119pne w sprzeda\u017cy. BILETY LINE-UP ODLICZANIE DO TARGET ONE FESTIVAL 2026 Dni Godziny Minuty Sekundy ZOBACZ ZAPOWIED\u0179 https:\/\/targetonefestival.pl\/wp-content\/uploads\/2026\/01\/T26_TEASER_V3.mov<\/p>","protected":false},"author":1,"featured_media":1776,"parent":0,"menu_order":0,"comment_status":"closed","ping_status":"closed","template":"","meta":{"footnotes":""},"class_list":["post-66","page","type-page","status-publish","has-post-thumbnail","hentry"],"yoast_head":"<!-- This site is optimized with the Yoast SEO plugin v23.6 - https:\/\/yoast.com\/wordpress\/plugins\/seo\/ -->\n<title>Target One Festival - festiwal muzyki elektronicznej<\/title>\n<meta name=\"description\" content=\"Jeden z najwi\u0119kszych festiwali muzyki elektronicznej w Polsce. Trance, Techno i Hardstyle - to wszystko czeka w\u0142a\u015bnie na Ciebie.\" \/>\n<meta name=\"robots\" content=\"index, follow, max-snippet:-1, max-image-preview:large, max-video-preview:-1\" \/>\n<link rel=\"canonical\" href=\"https:\/\/targetonefestival.pl\/en\/\" \/>\n<meta property=\"og:locale\" content=\"en_GB\" \/>\n<meta property=\"og:type\" content=\"article\" \/>\n<meta property=\"og:title\" content=\"Target One Festival - festiwal muzyki elektronicznej\" \/>\n<meta property=\"og:description\" content=\"Jeden z najwi\u0119kszych festiwali muzyki elektronicznej w Polsce. Trance, Techno i Hardstyle - to wszystko czeka w\u0142a\u015bnie na Ciebie.\" \/>\n<meta property=\"og:url\" content=\"https:\/\/targetonefestival.pl\/en\/\" \/>\n<meta property=\"og:site_name\" content=\"Target One Festival - festiwal muzyki elektronicznej\" \/>\n<meta property=\"article:publisher\" content=\"https:\/\/www.facebook.com\/targetonefestival\/\" \/>\n<meta property=\"article:modified_time\" content=\"2026-04-07T17:02:26+00:00\" \/>\n<meta property=\"og:image\" content=\"https:\/\/targetonefestival.pl\/wp-content\/uploads\/2026\/01\/1920x1080.jpg\" \/>\n\t<meta property=\"og:image:width\" content=\"1920\" \/>\n\t<meta property=\"og:image:height\" content=\"1080\" \/>\n\t<meta property=\"og:image:type\" content=\"image\/jpeg\" \/>\n<meta name=\"twitter:card\" content=\"summary_large_image\" \/>\n<meta name=\"twitter:label1\" content=\"Estimated reading time\" \/>\n\t<meta name=\"twitter:data1\" content=\"1 minute\" \/>\n<script type=\"application\/ld+json\" class=\"yoast-schema-graph\">{\"@context\":\"https:\/\/schema.org\",\"@graph\":[{\"@type\":\"WebPage\",\"@id\":\"https:\/\/targetonefestival.pl\/\",\"url\":\"https:\/\/targetonefestival.pl\/\",\"name\":\"Target One Festival - festiwal muzyki elektronicznej\",\"isPartOf\":{\"@id\":\"https:\/\/targetonefestival.pl\/#website\"},\"primaryImageOfPage\":{\"@id\":\"https:\/\/targetonefestival.pl\/#primaryimage\"},\"image\":{\"@id\":\"https:\/\/targetonefestival.pl\/#primaryimage\"},\"thumbnailUrl\":\"https:\/\/targetonefestival.pl\/wp-content\/uploads\/2026\/01\/1920x1080.jpg\",\"datePublished\":\"2024-10-03T13:28:09+00:00\",\"dateModified\":\"2026-04-07T17:02:26+00:00\",\"description\":\"Jeden z najwi\u0119kszych festiwali muzyki elektronicznej w Polsce. Trance, Techno i Hardstyle - to wszystko czeka w\u0142a\u015bnie na Ciebie.\",\"breadcrumb\":{\"@id\":\"https:\/\/targetonefestival.pl\/#breadcrumb\"},\"inLanguage\":\"en-GB\",\"potentialAction\":[{\"@type\":\"ReadAction\",\"target\":[\"https:\/\/targetonefestival.pl\/\"]}]},{\"@type\":\"ImageObject\",\"inLanguage\":\"en-GB\",\"@id\":\"https:\/\/targetonefestival.pl\/#primaryimage\",\"url\":\"https:\/\/targetonefestival.pl\/wp-content\/uploads\/2026\/01\/1920x1080.jpg\",\"contentUrl\":\"https:\/\/targetonefestival.pl\/wp-content\/uploads\/2026\/01\/1920x1080.jpg\",\"width\":1920,\"height\":1080,\"caption\":\"Target One Festival 2026\"},{\"@type\":\"BreadcrumbList\",\"@id\":\"https:\/\/targetonefestival.pl\/#breadcrumb\",\"itemListElement\":[{\"@type\":\"ListItem\",\"position\":1,\"name\":\"Strona g\u0142\u00f3wna\",\"item\":\"https:\/\/targetonefestival.pl\/\"},{\"@type\":\"ListItem\",\"position\":2,\"name\":\"Strona g\u0142\u00f3wna\"}]},{\"@type\":\"WebSite\",\"@id\":\"https:\/\/targetonefestival.pl\/#website\",\"url\":\"https:\/\/targetonefestival.pl\/\",\"name\":\"Target One Festival - festiwal muzyki elektronicznej\",\"description\":\"Target One Festival \u2013 festiwal muzyki elektronicznej\",\"publisher\":{\"@id\":\"https:\/\/targetonefestival.pl\/#organization\"},\"potentialAction\":[{\"@type\":\"SearchAction\",\"target\":{\"@type\":\"EntryPoint\",\"urlTemplate\":\"https:\/\/targetonefestival.pl\/?s={search_term_string}\"},\"query-input\":{\"@type\":\"PropertyValueSpecification\",\"valueRequired\":true,\"valueName\":\"search_term_string\"}}],\"inLanguage\":\"en-GB\"},{\"@type\":\"Organization\",\"@id\":\"https:\/\/targetonefestival.pl\/#organization\",\"name\":\"Target One Festival\",\"url\":\"https:\/\/targetonefestival.pl\/\",\"logo\":{\"@type\":\"ImageObject\",\"inLanguage\":\"en-GB\",\"@id\":\"https:\/\/targetonefestival.pl\/#\/schema\/logo\/image\/\",\"url\":\"https:\/\/targetonefestival.pl\/wp-content\/uploads\/2024\/10\/cropped-LOGO-TOF-GREEN-WWW-V1.png\",\"contentUrl\":\"https:\/\/targetonefestival.pl\/wp-content\/uploads\/2024\/10\/cropped-LOGO-TOF-GREEN-WWW-V1.png\",\"width\":512,\"height\":512,\"caption\":\"Target One Festival\"},\"image\":{\"@id\":\"https:\/\/targetonefestival.pl\/#\/schema\/logo\/image\/\"},\"sameAs\":[\"https:\/\/www.facebook.com\/targetonefestival\/\"]}]}<\/script>\n<!-- \/ Yoast SEO plugin. -->","yoast_head_json":{"title":"Target One Festival - festiwal muzyki elektronicznej","description":"Jeden z najwi\u0119kszych festiwali muzyki elektronicznej w Polsce. Trance, Techno i Hardstyle - to wszystko czeka w\u0142a\u015bnie na Ciebie.","robots":{"index":"index","follow":"follow","max-snippet":"max-snippet:-1","max-image-preview":"max-image-preview:large","max-video-preview":"max-video-preview:-1"},"canonical":"https:\/\/targetonefestival.pl\/en\/","og_locale":"en_GB","og_type":"article","og_title":"Target One Festival - festiwal muzyki elektronicznej","og_description":"Jeden z najwi\u0119kszych festiwali muzyki elektronicznej w Polsce. Trance, Techno i Hardstyle - to wszystko czeka w\u0142a\u015bnie na Ciebie.","og_url":"https:\/\/targetonefestival.pl\/en\/","og_site_name":"Target One Festival - festiwal muzyki elektronicznej","article_publisher":"https:\/\/www.facebook.com\/targetonefestival\/","article_modified_time":"2026-04-07T17:02:26+00:00","og_image":[{"width":1920,"height":1080,"url":"https:\/\/targetonefestival.pl\/wp-content\/uploads\/2026\/01\/1920x1080.jpg","type":"image\/jpeg"}],"twitter_card":"summary_large_image","twitter_misc":{"Estimated reading time":"1 minute"},"schema":{"@context":"https:\/\/schema.org","@graph":[{"@type":"WebPage","@id":"https:\/\/targetonefestival.pl\/","url":"https:\/\/targetonefestival.pl\/","name":"Target One Festival - festiwal muzyki elektronicznej","isPartOf":{"@id":"https:\/\/targetonefestival.pl\/#website"},"primaryImageOfPage":{"@id":"https:\/\/targetonefestival.pl\/#primaryimage"},"image":{"@id":"https:\/\/targetonefestival.pl\/#primaryimage"},"thumbnailUrl":"https:\/\/targetonefestival.pl\/wp-content\/uploads\/2026\/01\/1920x1080.jpg","datePublished":"2024-10-03T13:28:09+00:00","dateModified":"2026-04-07T17:02:26+00:00","description":"Jeden z najwi\u0119kszych festiwali muzyki elektronicznej w Polsce. Trance, Techno i Hardstyle - to wszystko czeka w\u0142a\u015bnie na Ciebie.","breadcrumb":{"@id":"https:\/\/targetonefestival.pl\/#breadcrumb"},"inLanguage":"en-GB","potentialAction":[{"@type":"ReadAction","target":["https:\/\/targetonefestival.pl\/"]}]},{"@type":"ImageObject","inLanguage":"en-GB","@id":"https:\/\/targetonefestival.pl\/#primaryimage","url":"https:\/\/targetonefestival.pl\/wp-content\/uploads\/2026\/01\/1920x1080.jpg","contentUrl":"https:\/\/targetonefestival.pl\/wp-content\/uploads\/2026\/01\/1920x1080.jpg","width":1920,"height":1080,"caption":"Target One Festival 2026"},{"@type":"BreadcrumbList","@id":"https:\/\/targetonefestival.pl\/#breadcrumb","itemListElement":[{"@type":"ListItem","position":1,"name":"Strona g\u0142\u00f3wna","item":"https:\/\/targetonefestival.pl\/"},{"@type":"ListItem","position":2,"name":"Strona g\u0142\u00f3wna"}]},{"@type":"WebSite","@id":"https:\/\/targetonefestival.pl\/#website","url":"https:\/\/targetonefestival.pl\/","name":"Target One Festival - festiwal muzyki elektronicznej","description":"Target One Festival \u2013 festiwal muzyki elektronicznej","publisher":{"@id":"https:\/\/targetonefestival.pl\/#organization"},"potentialAction":[{"@type":"SearchAction","target":{"@type":"EntryPoint","urlTemplate":"https:\/\/targetonefestival.pl\/?s={search_term_string}"},"query-input":{"@type":"PropertyValueSpecification","valueRequired":true,"valueName":"search_term_string"}}],"inLanguage":"en-GB"},{"@type":"Organization","@id":"https:\/\/targetonefestival.pl\/#organization","name":"Target One Festival","url":"https:\/\/targetonefestival.pl\/","logo":{"@type":"ImageObject","inLanguage":"en-GB","@id":"https:\/\/targetonefestival.pl\/#\/schema\/logo\/image\/","url":"https:\/\/targetonefestival.pl\/wp-content\/uploads\/2024\/10\/cropped-LOGO-TOF-GREEN-WWW-V1.png","contentUrl":"https:\/\/targetonefestival.pl\/wp-content\/uploads\/2024\/10\/cropped-LOGO-TOF-GREEN-WWW-V1.png","width":512,"height":512,"caption":"Target One Festival"},"image":{"@id":"https:\/\/targetonefestival.pl\/#\/schema\/logo\/image\/"},"sameAs":["https:\/\/www.facebook.com\/targetonefestival\/"]}]}},"_links":{"self":[{"href":"https:\/\/targetonefestival.pl\/en\/wp-json\/wp\/v2\/pages\/66","targetHints":{"allow":["GET"]}}],"collection":[{"href":"https:\/\/targetonefestival.pl\/en\/wp-json\/wp\/v2\/pages"}],"about":[{"href":"https:\/\/targetonefestival.pl\/en\/wp-json\/wp\/v2\/types\/page"}],"author":[{"embeddable":true,"href":"https:\/\/targetonefestival.pl\/en\/wp-json\/wp\/v2\/users\/1"}],"replies":[{"embeddable":true,"href":"https:\/\/targetonefestival.pl\/en\/wp-json\/wp\/v2\/comments?post=66"}],"version-history":[{"count":1078,"href":"https:\/\/targetonefestival.pl\/en\/wp-json\/wp\/v2\/pages\/66\/revisions"}],"predecessor-version":[{"id":2113,"href":"https:\/\/targetonefestival.pl\/en\/wp-json\/wp\/v2\/pages\/66\/revisions\/2113"}],"wp:featuredmedia":[{"embeddable":true,"href":"https:\/\/targetonefestival.pl\/en\/wp-json\/wp\/v2\/media\/1776"}],"wp:attachment":[{"href":"https:\/\/targetonefestival.pl\/en\/wp-json\/wp\/v2\/media?parent=66"}],"curies":[{"name":"wp","href":"https:\/\/api.w.org\/{rel}","templated":true}]}}