{"id":312,"date":"2024-10-04T21:56:13","date_gmt":"2024-10-04T19:56:13","guid":{"rendered":"https:\/\/targetonefestival.pl\/?page_id=312"},"modified":"2025-02-02T22:09:31","modified_gmt":"2025-02-02T21:09:31","slug":"akredytacje","status":"publish","type":"page","link":"https:\/\/targetonefestival.pl\/en\/kontakt\/akredytacje\/","title":{"rendered":"Akredytacje"},"content":{"rendered":"\t\t<div data-elementor-type=\"wp-page\" data-elementor-id=\"312\" class=\"elementor elementor-312\" data-elementor-post-type=\"page\">\n\t\t\t\t<div class=\"elementor-element elementor-element-170035c e-flex e-con-boxed e-con e-parent\" data-id=\"170035c\" data-element_type=\"container\" data-settings=\"{&quot;background_background&quot;:&quot;classic&quot;}\">\n\t\t\t\t\t<div class=\"e-con-inner\">\n\t\t\t\t<div class=\"elementor-element elementor-element-cc0bd4d elementor-widget elementor-widget-heading\" data-id=\"cc0bd4d\" data-element_type=\"widget\" data-widget_type=\"heading.default\">\n\t\t\t\t<div class=\"elementor-widget-container\">\n\t\t\t<h2 class=\"elementor-heading-title elementor-size-default\">AKREDYTACJE<\/h2>\t\t<\/div>\n\t\t\t\t<\/div>\n\t\t\t\t<div class=\"elementor-element elementor-element-859968b elementor-button-align-center elementor-widget__width-initial elementor-widget elementor-widget-form\" data-id=\"859968b\" data-element_type=\"widget\" data-settings=\"{&quot;step_next_label&quot;:&quot;Nast\\u0119pny&quot;,&quot;step_previous_label&quot;:&quot;Poprzedni&quot;,&quot;button_width&quot;:&quot;100&quot;,&quot;step_type&quot;:&quot;number_text&quot;,&quot;step_icon_shape&quot;:&quot;circle&quot;}\" data-widget_type=\"form.default\">\n\t\t\t\t<div class=\"elementor-widget-container\">\n\t\t\t\t\t<form class=\"elementor-form\" method=\"post\" id=\"2\" name=\"Nowy formularz\" novalidate=\"\">\n\t\t\t<input type=\"hidden\" name=\"post_id\" value=\"312\"\/>\n\t\t\t<input type=\"hidden\" name=\"form_id\" value=\"859968b\"\/>\n\t\t\t<input type=\"hidden\" name=\"referer_title\" value=\"Target One Festival &#8211; festiwal muzyki elektronicznej\" \/>\n\n\t\t\t\n\t\t\t<div class=\"elementor-form-fields-wrapper elementor-labels-above\">\n\t\t\t\t\t\t\t\t<div class=\"elementor-field-type-text elementor-field-group elementor-column elementor-field-group-email elementor-col-100 elementor-field-required elementor-mark-required\">\n\t\t\t\t\t\t\t\t\t\t\t\t<label for=\"form-field-email\" class=\"elementor-field-label\">\n\t\t\t\t\t\t\t\tImi\u0119 i nazwisko\t\t\t\t\t\t\t<\/label>\n\t\t\t\t\t\t\t\t\t\t\t\t\t\t<input size=\"1\" type=\"text\" name=\"form_fields[email]\" id=\"form-field-email\" class=\"elementor-field elementor-size-sm  elementor-field-textual\" required=\"required\" aria-required=\"true\">\n\t\t\t\t\t\t\t\t\t\t\t<\/div>\n\t\t\t\t\t\t\t\t<div class=\"elementor-field-type-email elementor-field-group elementor-column elementor-field-group-field_35d5457 elementor-col-100 elementor-field-required elementor-mark-required\">\n\t\t\t\t\t\t\t\t\t\t\t\t<label for=\"form-field-field_35d5457\" class=\"elementor-field-label\">\n\t\t\t\t\t\t\t\tE-mail\t\t\t\t\t\t\t<\/label>\n\t\t\t\t\t\t\t\t\t\t\t\t\t\t<input size=\"1\" type=\"email\" name=\"form_fields[field_35d5457]\" id=\"form-field-field_35d5457\" class=\"elementor-field elementor-size-sm  elementor-field-textual\" required=\"required\" aria-required=\"true\">\n\t\t\t\t\t\t\t\t\t\t\t<\/div>\n\t\t\t\t\t\t\t\t<div class=\"elementor-field-type-text elementor-field-group elementor-column elementor-field-group-field_3114ce3 elementor-col-100\">\n\t\t\t\t\t\t\t\t\t\t\t\t<label for=\"form-field-field_3114ce3\" class=\"elementor-field-label\">\n\t\t\t\t\t\t\t\tTelefon kontaktowy\t\t\t\t\t\t\t<\/label>\n\t\t\t\t\t\t\t\t\t\t\t\t\t\t<input size=\"1\" type=\"text\" name=\"form_fields[field_3114ce3]\" id=\"form-field-field_3114ce3\" class=\"elementor-field elementor-size-sm  elementor-field-textual\">\n\t\t\t\t\t\t\t\t\t\t\t<\/div>\n\t\t\t\t\t\t\t\t<div class=\"elementor-field-type-textarea elementor-field-group elementor-column elementor-field-group-message elementor-col-100 elementor-field-required elementor-mark-required\">\n\t\t\t\t\t\t\t\t\t\t\t\t<label for=\"form-field-message\" class=\"elementor-field-label\">\n\t\t\t\t\t\t\t\tTre\u015b\u0107 wiadomo\u015bci\t\t\t\t\t\t\t<\/label>\n\t\t\t\t\t\t<textarea class=\"elementor-field-textual elementor-field  elementor-size-sm\" name=\"form_fields[message]\" id=\"form-field-message\" rows=\"7\" required=\"required\" aria-required=\"true\"><\/textarea>\t\t\t\t<\/div>\n\t\t\t\t\t\t\t\t<div class=\"elementor-field-type-recaptcha_v3 elementor-field-group elementor-column elementor-field-group-field_e1ef094 elementor-col-100 recaptcha_v3-bottomright\">\n\t\t\t\t\t<div class=\"elementor-field\" id=\"form-field-field_e1ef094\"><div class=\"elementor-g-recaptcha\" data-sitekey=\"6LdY_lcqAAAAAHVboCx0TTst1uzhXiDQS1xyAAVL\" data-type=\"v3\" data-action=\"Form\" data-badge=\"bottomright\" data-size=\"invisible\"><\/div><\/div>\t\t\t\t<\/div>\n\t\t\t\t\t\t\t\t<div class=\"elementor-field-group elementor-column elementor-field-type-submit elementor-col-100 e-form__buttons\">\n\t\t\t\t\t<button class=\"elementor-button elementor-size-lg\" type=\"submit\">\n\t\t\t\t\t\t<span class=\"elementor-button-content-wrapper\">\n\t\t\t\t\t\t\t\t\t\t\t\t\t\t\t\t\t\t\t\t\t\t<span class=\"elementor-button-text\">Wy\u015blij<\/span>\n\t\t\t\t\t\t\t\t\t\t\t\t\t<\/span>\n\t\t\t\t\t<\/button>\n\t\t\t\t<\/div>\n\t\t\t<\/div>\n\t\t<\/form>\n\t\t\t\t<\/div>\n\t\t\t\t<\/div>\n\t\t\t\t\t<\/div>\n\t\t\t\t<\/div>\n\t\t\t\t<\/div>\n\t\t","protected":false},"excerpt":{"rendered":"<p>AKREDYTACJE<\/p>","protected":false},"author":1,"featured_media":0,"parent":173,"menu_order":0,"comment_status":"closed","ping_status":"closed","template":"","meta":{"footnotes":""},"class_list":["post-312","page","type-page","status-publish","hentry"],"yoast_head":"<!-- This site is optimized with the Yoast SEO plugin v23.6 - https:\/\/yoast.com\/wordpress\/plugins\/seo\/ -->\n<title>Akredytacje - Target One Festival - festiwal muzyki elektronicznej<\/title>\n<meta name=\"robots\" content=\"index, follow, max-snippet:-1, max-image-preview:large, max-video-preview:-1\" \/>\n<link rel=\"canonical\" href=\"https:\/\/targetonefestival.pl\/en\/kontakt\/akredytacje\/\" \/>\n<meta property=\"og:locale\" content=\"en_GB\" \/>\n<meta property=\"og:type\" content=\"article\" \/>\n<meta property=\"og:title\" content=\"Akredytacje - Target One Festival - festiwal muzyki elektronicznej\" \/>\n<meta property=\"og:description\" content=\"AKREDYTACJE\" \/>\n<meta property=\"og:url\" content=\"https:\/\/targetonefestival.pl\/en\/kontakt\/akredytacje\/\" \/>\n<meta property=\"og:site_name\" content=\"Target One Festival - festiwal muzyki elektronicznej\" \/>\n<meta property=\"article:publisher\" content=\"https:\/\/www.facebook.com\/targetonefestival\/\" \/>\n<meta property=\"article:modified_time\" content=\"2025-02-02T21:09:31+00:00\" \/>\n<meta name=\"twitter:card\" content=\"summary_large_image\" \/>\n<meta name=\"twitter:label1\" content=\"Estimated reading time\" \/>\n\t<meta name=\"twitter:data1\" content=\"1 minute\" \/>\n<script type=\"application\/ld+json\" class=\"yoast-schema-graph\">{\"@context\":\"https:\/\/schema.org\",\"@graph\":[{\"@type\":\"WebPage\",\"@id\":\"https:\/\/targetonefestival.pl\/kontakt\/akredytacje\/\",\"url\":\"https:\/\/targetonefestival.pl\/kontakt\/akredytacje\/\",\"name\":\"Akredytacje - Target One Festival - festiwal muzyki elektronicznej\",\"isPartOf\":{\"@id\":\"https:\/\/targetonefestival.pl\/#website\"},\"datePublished\":\"2024-10-04T19:56:13+00:00\",\"dateModified\":\"2025-02-02T21:09:31+00:00\",\"breadcrumb\":{\"@id\":\"https:\/\/targetonefestival.pl\/kontakt\/akredytacje\/#breadcrumb\"},\"inLanguage\":\"en-GB\",\"potentialAction\":[{\"@type\":\"ReadAction\",\"target\":[\"https:\/\/targetonefestival.pl\/kontakt\/akredytacje\/\"]}]},{\"@type\":\"BreadcrumbList\",\"@id\":\"https:\/\/targetonefestival.pl\/kontakt\/akredytacje\/#breadcrumb\",\"itemListElement\":[{\"@type\":\"ListItem\",\"position\":1,\"name\":\"Strona g\u0142\u00f3wna\",\"item\":\"https:\/\/targetonefestival.pl\/\"},{\"@type\":\"ListItem\",\"position\":2,\"name\":\"Kontakt\",\"item\":\"https:\/\/targetonefestival.pl\/kontakt\/\"},{\"@type\":\"ListItem\",\"position\":3,\"name\":\"Akredytacje\"}]},{\"@type\":\"WebSite\",\"@id\":\"https:\/\/targetonefestival.pl\/#website\",\"url\":\"https:\/\/targetonefestival.pl\/\",\"name\":\"Target One Festival - festiwal muzyki elektronicznej\",\"description\":\"Target One Festival \u2013 festiwal muzyki elektronicznej\",\"publisher\":{\"@id\":\"https:\/\/targetonefestival.pl\/#organization\"},\"potentialAction\":[{\"@type\":\"SearchAction\",\"target\":{\"@type\":\"EntryPoint\",\"urlTemplate\":\"https:\/\/targetonefestival.pl\/?s={search_term_string}\"},\"query-input\":{\"@type\":\"PropertyValueSpecification\",\"valueRequired\":true,\"valueName\":\"search_term_string\"}}],\"inLanguage\":\"en-GB\"},{\"@type\":\"Organization\",\"@id\":\"https:\/\/targetonefestival.pl\/#organization\",\"name\":\"Target One Festival\",\"url\":\"https:\/\/targetonefestival.pl\/\",\"logo\":{\"@type\":\"ImageObject\",\"inLanguage\":\"en-GB\",\"@id\":\"https:\/\/targetonefestival.pl\/#\/schema\/logo\/image\/\",\"url\":\"https:\/\/targetonefestival.pl\/wp-content\/uploads\/2024\/10\/cropped-LOGO-TOF-GREEN-WWW-V1.png\",\"contentUrl\":\"https:\/\/targetonefestival.pl\/wp-content\/uploads\/2024\/10\/cropped-LOGO-TOF-GREEN-WWW-V1.png\",\"width\":512,\"height\":512,\"caption\":\"Target One Festival\"},\"image\":{\"@id\":\"https:\/\/targetonefestival.pl\/#\/schema\/logo\/image\/\"},\"sameAs\":[\"https:\/\/www.facebook.com\/targetonefestival\/\"]}]}<\/script>\n<!-- \/ Yoast SEO plugin. -->","yoast_head_json":{"title":"Akredytacje - Target One Festival - festiwal muzyki elektronicznej","robots":{"index":"index","follow":"follow","max-snippet":"max-snippet:-1","max-image-preview":"max-image-preview:large","max-video-preview":"max-video-preview:-1"},"canonical":"https:\/\/targetonefestival.pl\/en\/kontakt\/akredytacje\/","og_locale":"en_GB","og_type":"article","og_title":"Akredytacje - Target One Festival - festiwal muzyki elektronicznej","og_description":"AKREDYTACJE","og_url":"https:\/\/targetonefestival.pl\/en\/kontakt\/akredytacje\/","og_site_name":"Target One Festival - festiwal muzyki elektronicznej","article_publisher":"https:\/\/www.facebook.com\/targetonefestival\/","article_modified_time":"2025-02-02T21:09:31+00:00","twitter_card":"summary_large_image","twitter_misc":{"Estimated reading time":"1 minute"},"schema":{"@context":"https:\/\/schema.org","@graph":[{"@type":"WebPage","@id":"https:\/\/targetonefestival.pl\/kontakt\/akredytacje\/","url":"https:\/\/targetonefestival.pl\/kontakt\/akredytacje\/","name":"Akredytacje - Target One Festival - festiwal muzyki elektronicznej","isPartOf":{"@id":"https:\/\/targetonefestival.pl\/#website"},"datePublished":"2024-10-04T19:56:13+00:00","dateModified":"2025-02-02T21:09:31+00:00","breadcrumb":{"@id":"https:\/\/targetonefestival.pl\/kontakt\/akredytacje\/#breadcrumb"},"inLanguage":"en-GB","potentialAction":[{"@type":"ReadAction","target":["https:\/\/targetonefestival.pl\/kontakt\/akredytacje\/"]}]},{"@type":"BreadcrumbList","@id":"https:\/\/targetonefestival.pl\/kontakt\/akredytacje\/#breadcrumb","itemListElement":[{"@type":"ListItem","position":1,"name":"Strona g\u0142\u00f3wna","item":"https:\/\/targetonefestival.pl\/"},{"@type":"ListItem","position":2,"name":"Kontakt","item":"https:\/\/targetonefestival.pl\/kontakt\/"},{"@type":"ListItem","position":3,"name":"Akredytacje"}]},{"@type":"WebSite","@id":"https:\/\/targetonefestival.pl\/#website","url":"https:\/\/targetonefestival.pl\/","name":"Target One Festival - festiwal muzyki elektronicznej","description":"Target One Festival \u2013 festiwal muzyki elektronicznej","publisher":{"@id":"https:\/\/targetonefestival.pl\/#organization"},"potentialAction":[{"@type":"SearchAction","target":{"@type":"EntryPoint","urlTemplate":"https:\/\/targetonefestival.pl\/?s={search_term_string}"},"query-input":{"@type":"PropertyValueSpecification","valueRequired":true,"valueName":"search_term_string"}}],"inLanguage":"en-GB"},{"@type":"Organization","@id":"https:\/\/targetonefestival.pl\/#organization","name":"Target One Festival","url":"https:\/\/targetonefestival.pl\/","logo":{"@type":"ImageObject","inLanguage":"en-GB","@id":"https:\/\/targetonefestival.pl\/#\/schema\/logo\/image\/","url":"https:\/\/targetonefestival.pl\/wp-content\/uploads\/2024\/10\/cropped-LOGO-TOF-GREEN-WWW-V1.png","contentUrl":"https:\/\/targetonefestival.pl\/wp-content\/uploads\/2024\/10\/cropped-LOGO-TOF-GREEN-WWW-V1.png","width":512,"height":512,"caption":"Target One Festival"},"image":{"@id":"https:\/\/targetonefestival.pl\/#\/schema\/logo\/image\/"},"sameAs":["https:\/\/www.facebook.com\/targetonefestival\/"]}]}},"_links":{"self":[{"href":"https:\/\/targetonefestival.pl\/en\/wp-json\/wp\/v2\/pages\/312","targetHints":{"allow":["GET"]}}],"collection":[{"href":"https:\/\/targetonefestival.pl\/en\/wp-json\/wp\/v2\/pages"}],"about":[{"href":"https:\/\/targetonefestival.pl\/en\/wp-json\/wp\/v2\/types\/page"}],"author":[{"embeddable":true,"href":"https:\/\/targetonefestival.pl\/en\/wp-json\/wp\/v2\/users\/1"}],"replies":[{"embeddable":true,"href":"https:\/\/targetonefestival.pl\/en\/wp-json\/wp\/v2\/comments?post=312"}],"version-history":[{"count":61,"href":"https:\/\/targetonefestival.pl\/en\/wp-json\/wp\/v2\/pages\/312\/revisions"}],"predecessor-version":[{"id":1273,"href":"https:\/\/targetonefestival.pl\/en\/wp-json\/wp\/v2\/pages\/312\/revisions\/1273"}],"up":[{"embeddable":true,"href":"https:\/\/targetonefestival.pl\/en\/wp-json\/wp\/v2\/pages\/173"}],"wp:attachment":[{"href":"https:\/\/targetonefestival.pl\/en\/wp-json\/wp\/v2\/media?parent=312"}],"curies":[{"name":"wp","href":"https:\/\/api.w.org\/{rel}","templated":true}]}}