{"id":2114,"date":"2026-04-13T08:55:46","date_gmt":"2026-04-13T06:55:46","guid":{"rendered":"https:\/\/targetonefestival.pl\/?page_id=2114"},"modified":"2026-04-13T16:07:32","modified_gmt":"2026-04-13T14:07:32","slug":"pole-namiotowe","status":"publish","type":"page","link":"https:\/\/targetonefestival.pl\/en\/pole-namiotowe\/","title":{"rendered":"Pole namiotowe"},"content":{"rendered":"<div data-elementor-type=\"wp-page\" data-elementor-id=\"2114\" class=\"elementor elementor-2114\" data-elementor-post-type=\"page\">\n\t\t\t\t<div class=\"elementor-element elementor-element-f59a4d7 e-flex e-con-boxed e-con e-parent\" data-id=\"f59a4d7\" data-element_type=\"container\" data-settings=\"{&quot;background_background&quot;:&quot;classic&quot;}\">\n\t\t\t\t\t<div class=\"e-con-inner\">\n\t\t\t\t<div class=\"elementor-element elementor-element-8d3e4b5 elementor-widget elementor-widget-heading\" data-id=\"8d3e4b5\" data-element_type=\"widget\" data-widget_type=\"heading.default\">\n\t\t\t\t<div class=\"elementor-widget-container\">\n\t\t\t<h2 class=\"elementor-heading-title elementor-size-default\">CAMPING SITE<\/h2>\t\t<\/div>\n\t\t\t\t<\/div>\n\t\t<div class=\"elementor-element elementor-element-4c38928 e-grid e-con-full e-con e-child\" data-id=\"4c38928\" data-element_type=\"container\">\n\t\t\t\t<div class=\"elementor-element elementor-element-6a5d0e3 elementor-widget elementor-widget-image\" data-id=\"6a5d0e3\" data-element_type=\"widget\" data-widget_type=\"image.default\">\n\t\t\t\t<div class=\"elementor-widget-container\">\n\t\t\t\t\t\t\t\t\t\t\t\t\t<img fetchpriority=\"high\" decoding=\"async\" width=\"2560\" height=\"1633\" src=\"https:\/\/targetonefestival.pl\/wp-content\/uploads\/2026\/04\/MAPA-KOPALNIA-FINAL-scaled.jpg\" class=\"attachment-full size-full wp-image-2140\" alt=\"\" srcset=\"https:\/\/targetonefestival.pl\/wp-content\/uploads\/2026\/04\/MAPA-KOPALNIA-FINAL-scaled.jpg 2560w, https:\/\/targetonefestival.pl\/wp-content\/uploads\/2026\/04\/MAPA-KOPALNIA-FINAL-300x191.jpg 300w, https:\/\/targetonefestival.pl\/wp-content\/uploads\/2026\/04\/MAPA-KOPALNIA-FINAL-1024x653.jpg 1024w, https:\/\/targetonefestival.pl\/wp-content\/uploads\/2026\/04\/MAPA-KOPALNIA-FINAL-768x490.jpg 768w, https:\/\/targetonefestival.pl\/wp-content\/uploads\/2026\/04\/MAPA-KOPALNIA-FINAL-1536x980.jpg 1536w, https:\/\/targetonefestival.pl\/wp-content\/uploads\/2026\/04\/MAPA-KOPALNIA-FINAL-2048x1307.jpg 2048w, https:\/\/targetonefestival.pl\/wp-content\/uploads\/2026\/04\/MAPA-KOPALNIA-FINAL-18x12.jpg 18w\" sizes=\"(max-width: 2560px) 100vw, 2560px\" \/>\t\t\t\t\t\t\t\t\t\t\t\t\t<\/div>\n\t\t\t\t<\/div>\n\t\t\t\t<\/div>\n\t\t\t\t<div class=\"elementor-element elementor-element-68282eb elementor-widget elementor-widget-text-editor\" data-id=\"68282eb\" data-element_type=\"widget\" data-widget_type=\"text-editor.default\">\n\t\t\t\t<div class=\"elementor-widget-container\">\n\t\t\t\t\t\t\t<h1>FESTIVAL TOWN<\/h1><p><strong>Wroc\u0142aw Mine \u2013 Holiday Zone<\/strong> \u2013 one of the most popular summer recreation facilities in Lower Silesia.<\/p><p>When the FESTIVAL ENDS... we go to the water.<\/p><p>Most people, once the party's over, want to keep having fun, so book your accommodations now. Where? Read on.<\/p><p>Just 4 km from Szyman\u00f3w Airport, the Wroc\u0142aw Holiday Zone awaits you, one of the most popular summer recreation spots in Lower Silesia, and that is where the second part of this Target One Festival is moving.<\/p><ul><li class=\"p1\">Festival Village created for TARGET ONE participants<\/li><li class=\"p1\">Stay in a climate that cannot be recreated in a hotel<\/li><li class=\"p1\">Bars and Grill Zones where conversations last until late at night<\/li><li class=\"p1\">A space where you can slow down, relax\u2026 or continue to soak up the atmosphere<\/li><\/ul>\t\t\t\t\t\t<\/div>\n\t\t\t\t<\/div>\n\t\t\t\t<div class=\"elementor-element elementor-element-6f04499 elementor-widget elementor-widget-text-editor\" data-id=\"6f04499\" data-element_type=\"widget\" data-widget_type=\"text-editor.default\">\n\t\t\t\t<div class=\"elementor-widget-container\">\n\t\t\t\t\t\t\t<p>Bassbus will take you from the Wroc\u0142aw Mine to the festival and back for FREE \u2013 the iconic bus where the party never stops! DJ on board, music at full blast, and an atmosphere that heats up even before you reach the stage.<\/p>\t\t\t\t\t\t<\/div>\n\t\t\t\t<\/div>\n\t\t\t\t<div class=\"elementor-element elementor-element-8955ef8 elementor-widget elementor-widget-text-editor\" data-id=\"8955ef8\" data-element_type=\"widget\" data-widget_type=\"text-editor.default\">\n\t\t\t\t<div class=\"elementor-widget-container\">\n\t\t\t\t\t\t\t<p>This is the moment when the festival ceases to be an event and becomes an experience. You're not going home, you're traveling with us\u2026<br \/>Because the best things happen after all.<\/p>\t\t\t\t\t\t<\/div>\n\t\t\t\t<\/div>\n\t\t\t\t<div class=\"elementor-element elementor-element-586b712 elementor-arrows-position-inside elementor-pagination-position-outside elementor-widget elementor-widget-image-carousel\" data-id=\"586b712\" data-element_type=\"widget\" data-settings=\"{&quot;navigation&quot;:&quot;both&quot;,&quot;autoplay&quot;:&quot;yes&quot;,&quot;pause_on_hover&quot;:&quot;yes&quot;,&quot;pause_on_interaction&quot;:&quot;yes&quot;,&quot;autoplay_speed&quot;:5000,&quot;infinite&quot;:&quot;yes&quot;,&quot;speed&quot;:500}\" data-widget_type=\"image-carousel.default\">\n\t\t\t\t<div class=\"elementor-widget-container\">\n\t\t\t\t\t<div class=\"elementor-image-carousel-wrapper swiper\" dir=\"ltr\">\n\t\t\t<div class=\"elementor-image-carousel swiper-wrapper\" aria-live=\"off\">\n\t\t\t\t\t\t\t\t<div class=\"swiper-slide\" role=\"group\" aria-roledescription=\"slide\" aria-label=\"1 of 5\" data-no-translation-aria-label=\"\"><figure class=\"swiper-slide-inner\"><img decoding=\"async\" class=\"swiper-slide-image\" src=\"https:\/\/targetonefestival.pl\/wp-content\/uploads\/2026\/04\/WPADNIJ-DO-NAS-W-WEEKEND-15-240x300.jpg\" alt=\"\" \/><\/figure><\/div><div class=\"swiper-slide\" role=\"group\" aria-roledescription=\"slide\" aria-label=\"2 of 5\" data-no-translation-aria-label=\"\"><figure class=\"swiper-slide-inner\"><img decoding=\"async\" class=\"swiper-slide-image\" src=\"https:\/\/targetonefestival.pl\/wp-content\/uploads\/2026\/04\/WPADNIJ-DO-NAS-W-WEEKEND-14-240x300.jpg\" alt=\"\" \/><\/figure><\/div><div class=\"swiper-slide\" role=\"group\" aria-roledescription=\"slide\" aria-label=\"3 of 5\" data-no-translation-aria-label=\"\"><figure class=\"swiper-slide-inner\"><img decoding=\"async\" class=\"swiper-slide-image\" src=\"https:\/\/targetonefestival.pl\/wp-content\/uploads\/2026\/04\/WPADNIJ-DO-NAS-W-WEEKEND-13-240x300.jpg\" alt=\"\" \/><\/figure><\/div><div class=\"swiper-slide\" role=\"group\" aria-roledescription=\"slide\" aria-label=\"4 of 5\" data-no-translation-aria-label=\"\"><figure class=\"swiper-slide-inner\"><img decoding=\"async\" class=\"swiper-slide-image\" src=\"https:\/\/targetonefestival.pl\/wp-content\/uploads\/2026\/04\/WPADNIJ-DO-NAS-W-WEEKEND-12-240x300.jpg\" alt=\"\" \/><\/figure><\/div><div class=\"swiper-slide\" role=\"group\" aria-roledescription=\"slide\" aria-label=\"5 of 5\" data-no-translation-aria-label=\"\"><figure class=\"swiper-slide-inner\"><img decoding=\"async\" class=\"swiper-slide-image\" src=\"https:\/\/targetonefestival.pl\/wp-content\/uploads\/2026\/04\/WPADNIJ-DO-NAS-W-WEEKEND-16-240x300.jpg\" alt=\"\" \/><\/figure><\/div>\t\t\t<\/div>\n\t\t\t\t\t\t\t\t\t\t\t\t<div class=\"elementor-swiper-button elementor-swiper-button-prev\" role=\"button\" tabindex=\"0\">\n\t\t\t\t\t\t<svg aria-hidden=\"true\" class=\"e-font-icon-svg e-eicon-chevron-left\" viewbox=\"0 0 1000 1000\" xmlns=\"http:\/\/www.w3.org\/2000\/svg\"><path d=\"M646 125C629 125 613 133 604 142L308 442C296 454 292 471 292 487 292 504 296 521 308 533L604 854C617 867 629 875 646 875 663 875 679 871 692 858 704 846 713 829 713 812 713 796 708 779 692 767L438 487 692 225C700 217 708 204 708 187 708 171 704 154 692 142 675 129 663 125 646 125Z\"><\/path><\/svg>\t\t\t\t\t<\/div>\n\t\t\t\t\t<div class=\"elementor-swiper-button elementor-swiper-button-next\" role=\"button\" tabindex=\"0\">\n\t\t\t\t\t\t<svg aria-hidden=\"true\" class=\"e-font-icon-svg e-eicon-chevron-right\" viewbox=\"0 0 1000 1000\" xmlns=\"http:\/\/www.w3.org\/2000\/svg\"><path d=\"M696 533C708 521 713 504 713 487 713 471 708 454 696 446L400 146C388 133 375 125 354 125 338 125 325 129 313 142 300 154 292 171 292 187 292 204 296 221 308 233L563 492 304 771C292 783 288 800 288 817 288 833 296 850 308 863 321 871 338 875 354 875 371 875 388 867 400 854L696 533Z\"><\/path><\/svg>\t\t\t\t\t<\/div>\n\t\t\t\t\n\t\t\t\t\t\t\t\t\t<div class=\"swiper-pagination\"><\/div>\n\t\t\t\t\t\t\t\t\t<\/div>\n\t\t\t\t<\/div>\n\t\t\t\t<\/div>\n\t\t\t\t<div class=\"elementor-element elementor-element-fd25078 elementor-align-center elementor-widget elementor-widget-button\" data-id=\"fd25078\" data-element_type=\"widget\" data-widget_type=\"button.default\">\n\t\t\t\t<div class=\"elementor-widget-container\">\n\t\t\t\t\t<div class=\"elementor-button-wrapper\">\n\t\t\t<a class=\"elementor-button elementor-button-link elementor-size-sm\" href=\"https:\/\/rezerwacja.kopalniacamperpark.pl\/festiwal\">\n\t\t\t\t\t\t<span class=\"elementor-button-content-wrapper\">\n\t\t\t\t\t\t\t\t\t<span class=\"elementor-button-text\">BOOK ACCOMMODATION<\/span>\n\t\t\t\t\t<\/span>\n\t\t\t\t\t<\/a>\n\t\t<\/div>\n\t\t\t\t<\/div>\n\t\t\t\t<\/div>\n\t\t\t\t<div class=\"elementor-element elementor-element-3311657 elementor-widget elementor-widget-google_maps\" data-id=\"3311657\" data-element_type=\"widget\" data-widget_type=\"google_maps.default\">\n\t\t\t\t<div class=\"elementor-widget-container\">\n\t\t\t\t\t<div class=\"elementor-custom-embed\">\n\t\t\t<iframe loading=\"lazy\"\n\t\t\t\t\tsrc=\"https:\/\/maps.google.com\/maps?q=KOPALNIA%20WROC&#038;t=m&#038;z=13&#038;output=embed&#038;iwloc=near\"\n\t\t\t\t\ttitle=\"KOPALNIA WROC\"\n\t\t\t\t\taria-label=\"KOPALNIA WROC\"\n\t\t\t><\/iframe>\n\t\t<\/div>\n\t\t\t\t<\/div>\n\t\t\t\t<\/div>\n\t\t\t\t\t<\/div>\n\t\t\t\t<\/div>\n\t\t\t\t<\/div>","protected":false},"excerpt":{"rendered":"<p>POLE NAMIOTOWE MIASTECZKO FESTIWALOWE Kopalnia Wroc\u0142aw &#8211; strefa wakacji &#8211; jeden z najbardziej popularnych obiekt\u00f3w rekreacyjnych letniego wypoczynku na Dolnym \u015al\u0105sku. Gdy FESTIWAL SI\u0118 KO\u0143CZY\u2026 jedziemy nad wod\u0119. Wi\u0119kszo\u015b\u0107 ludzi, gdy impreza si\u0119 ko\u0144czy, chce kontynuowa\u0107 dobr\u0105 zabaw\u0119 i dlatego ju\u017c teraz rezerwujcie miejsca noclegowe. Gdzie? Czytajcie dalej. Zaledwie 4 km od Lotniska Szyman\u00f3w czeka [&hellip;]<\/p>\n","protected":false},"author":1,"featured_media":0,"parent":0,"menu_order":0,"comment_status":"closed","ping_status":"closed","template":"","meta":{"footnotes":""},"class_list":["post-2114","page","type-page","status-publish","hentry"],"yoast_head":"<!-- This site is optimized with the Yoast SEO plugin v23.6 - https:\/\/yoast.com\/wordpress\/plugins\/seo\/ -->\n<title>Pole namiotowe - Target One Festival - festiwal muzyki elektronicznej<\/title>\n<meta name=\"robots\" content=\"index, follow, max-snippet:-1, max-image-preview:large, max-video-preview:-1\" \/>\n<link rel=\"canonical\" href=\"https:\/\/targetonefestival.pl\/en\/pole-namiotowe\/\" \/>\n<meta property=\"og:locale\" content=\"en_GB\" \/>\n<meta property=\"og:type\" content=\"article\" \/>\n<meta property=\"og:title\" content=\"Pole namiotowe - Target One Festival - festiwal muzyki elektronicznej\" \/>\n<meta property=\"og:description\" content=\"POLE NAMIOTOWE MIASTECZKO FESTIWALOWE Kopalnia Wroc\u0142aw &#8211; strefa wakacji &#8211; jeden z najbardziej popularnych obiekt\u00f3w rekreacyjnych letniego wypoczynku na Dolnym \u015al\u0105sku. Gdy FESTIWAL SI\u0118 KO\u0143CZY\u2026 jedziemy nad wod\u0119. Wi\u0119kszo\u015b\u0107 ludzi, gdy impreza si\u0119 ko\u0144czy, chce kontynuowa\u0107 dobr\u0105 zabaw\u0119 i dlatego ju\u017c teraz rezerwujcie miejsca noclegowe. Gdzie? Czytajcie dalej. Zaledwie 4 km od Lotniska Szyman\u00f3w czeka [&hellip;]\" \/>\n<meta property=\"og:url\" content=\"https:\/\/targetonefestival.pl\/en\/pole-namiotowe\/\" \/>\n<meta property=\"og:site_name\" content=\"Target One Festival - festiwal muzyki elektronicznej\" \/>\n<meta property=\"article:publisher\" content=\"https:\/\/www.facebook.com\/targetonefestival\/\" \/>\n<meta property=\"article:modified_time\" content=\"2026-04-13T14:07:32+00:00\" \/>\n<meta property=\"og:image\" content=\"https:\/\/targetonefestival.pl\/wp-content\/uploads\/2026\/04\/MAPA-KOPALNIA-FINAL-scaled.jpg\" \/>\n\t<meta property=\"og:image:width\" content=\"2560\" \/>\n\t<meta property=\"og:image:height\" content=\"1633\" \/>\n\t<meta property=\"og:image:type\" content=\"image\/jpeg\" \/>\n<meta name=\"twitter:card\" content=\"summary_large_image\" \/>\n<meta name=\"twitter:label1\" content=\"Estimated reading time\" \/>\n\t<meta name=\"twitter:data1\" content=\"4 minutes\" \/>\n<script type=\"application\/ld+json\" class=\"yoast-schema-graph\">{\"@context\":\"https:\/\/schema.org\",\"@graph\":[{\"@type\":\"WebPage\",\"@id\":\"https:\/\/targetonefestival.pl\/pole-namiotowe\/\",\"url\":\"https:\/\/targetonefestival.pl\/pole-namiotowe\/\",\"name\":\"Pole namiotowe - Target One Festival - festiwal muzyki elektronicznej\",\"isPartOf\":{\"@id\":\"https:\/\/targetonefestival.pl\/#website\"},\"primaryImageOfPage\":{\"@id\":\"https:\/\/targetonefestival.pl\/pole-namiotowe\/#primaryimage\"},\"image\":{\"@id\":\"https:\/\/targetonefestival.pl\/pole-namiotowe\/#primaryimage\"},\"thumbnailUrl\":\"https:\/\/targetonefestival.pl\/wp-content\/uploads\/2026\/04\/MAPA-KOPALNIA-FINAL-scaled.jpg\",\"datePublished\":\"2026-04-13T06:55:46+00:00\",\"dateModified\":\"2026-04-13T14:07:32+00:00\",\"breadcrumb\":{\"@id\":\"https:\/\/targetonefestival.pl\/pole-namiotowe\/#breadcrumb\"},\"inLanguage\":\"en-GB\",\"potentialAction\":[{\"@type\":\"ReadAction\",\"target\":[\"https:\/\/targetonefestival.pl\/pole-namiotowe\/\"]}]},{\"@type\":\"ImageObject\",\"inLanguage\":\"en-GB\",\"@id\":\"https:\/\/targetonefestival.pl\/pole-namiotowe\/#primaryimage\",\"url\":\"https:\/\/targetonefestival.pl\/wp-content\/uploads\/2026\/04\/MAPA-KOPALNIA-FINAL-scaled.jpg\",\"contentUrl\":\"https:\/\/targetonefestival.pl\/wp-content\/uploads\/2026\/04\/MAPA-KOPALNIA-FINAL-scaled.jpg\"},{\"@type\":\"BreadcrumbList\",\"@id\":\"https:\/\/targetonefestival.pl\/pole-namiotowe\/#breadcrumb\",\"itemListElement\":[{\"@type\":\"ListItem\",\"position\":1,\"name\":\"Strona g\u0142\u00f3wna\",\"item\":\"https:\/\/targetonefestival.pl\/\"},{\"@type\":\"ListItem\",\"position\":2,\"name\":\"Pole namiotowe\"}]},{\"@type\":\"WebSite\",\"@id\":\"https:\/\/targetonefestival.pl\/#website\",\"url\":\"https:\/\/targetonefestival.pl\/\",\"name\":\"Target One Festival - festiwal muzyki elektronicznej\",\"description\":\"Target One Festival \u2013 festiwal muzyki elektronicznej\",\"publisher\":{\"@id\":\"https:\/\/targetonefestival.pl\/#organization\"},\"potentialAction\":[{\"@type\":\"SearchAction\",\"target\":{\"@type\":\"EntryPoint\",\"urlTemplate\":\"https:\/\/targetonefestival.pl\/?s={search_term_string}\"},\"query-input\":{\"@type\":\"PropertyValueSpecification\",\"valueRequired\":true,\"valueName\":\"search_term_string\"}}],\"inLanguage\":\"en-GB\"},{\"@type\":\"Organization\",\"@id\":\"https:\/\/targetonefestival.pl\/#organization\",\"name\":\"Target One Festival\",\"url\":\"https:\/\/targetonefestival.pl\/\",\"logo\":{\"@type\":\"ImageObject\",\"inLanguage\":\"en-GB\",\"@id\":\"https:\/\/targetonefestival.pl\/#\/schema\/logo\/image\/\",\"url\":\"https:\/\/targetonefestival.pl\/wp-content\/uploads\/2024\/10\/cropped-LOGO-TOF-GREEN-WWW-V1.png\",\"contentUrl\":\"https:\/\/targetonefestival.pl\/wp-content\/uploads\/2024\/10\/cropped-LOGO-TOF-GREEN-WWW-V1.png\",\"width\":512,\"height\":512,\"caption\":\"Target One Festival\"},\"image\":{\"@id\":\"https:\/\/targetonefestival.pl\/#\/schema\/logo\/image\/\"},\"sameAs\":[\"https:\/\/www.facebook.com\/targetonefestival\/\"]}]}<\/script>\n<!-- \/ Yoast SEO plugin. -->","yoast_head_json":{"title":"Pole namiotowe - Target One Festival - festiwal muzyki elektronicznej","robots":{"index":"index","follow":"follow","max-snippet":"max-snippet:-1","max-image-preview":"max-image-preview:large","max-video-preview":"max-video-preview:-1"},"canonical":"https:\/\/targetonefestival.pl\/en\/pole-namiotowe\/","og_locale":"en_GB","og_type":"article","og_title":"Pole namiotowe - Target One Festival - festiwal muzyki elektronicznej","og_description":"POLE NAMIOTOWE MIASTECZKO FESTIWALOWE Kopalnia Wroc\u0142aw &#8211; strefa wakacji &#8211; jeden z najbardziej popularnych obiekt\u00f3w rekreacyjnych letniego wypoczynku na Dolnym \u015al\u0105sku. Gdy FESTIWAL SI\u0118 KO\u0143CZY\u2026 jedziemy nad wod\u0119. Wi\u0119kszo\u015b\u0107 ludzi, gdy impreza si\u0119 ko\u0144czy, chce kontynuowa\u0107 dobr\u0105 zabaw\u0119 i dlatego ju\u017c teraz rezerwujcie miejsca noclegowe. Gdzie? Czytajcie dalej. Zaledwie 4 km od Lotniska Szyman\u00f3w czeka [&hellip;]","og_url":"https:\/\/targetonefestival.pl\/en\/pole-namiotowe\/","og_site_name":"Target One Festival - festiwal muzyki elektronicznej","article_publisher":"https:\/\/www.facebook.com\/targetonefestival\/","article_modified_time":"2026-04-13T14:07:32+00:00","og_image":[{"width":2560,"height":1633,"url":"https:\/\/targetonefestival.pl\/wp-content\/uploads\/2026\/04\/MAPA-KOPALNIA-FINAL-scaled.jpg","type":"image\/jpeg"}],"twitter_card":"summary_large_image","twitter_misc":{"Estimated reading time":"4 minutes"},"schema":{"@context":"https:\/\/schema.org","@graph":[{"@type":"WebPage","@id":"https:\/\/targetonefestival.pl\/pole-namiotowe\/","url":"https:\/\/targetonefestival.pl\/pole-namiotowe\/","name":"Pole namiotowe - Target One Festival - festiwal muzyki elektronicznej","isPartOf":{"@id":"https:\/\/targetonefestival.pl\/#website"},"primaryImageOfPage":{"@id":"https:\/\/targetonefestival.pl\/pole-namiotowe\/#primaryimage"},"image":{"@id":"https:\/\/targetonefestival.pl\/pole-namiotowe\/#primaryimage"},"thumbnailUrl":"https:\/\/targetonefestival.pl\/wp-content\/uploads\/2026\/04\/MAPA-KOPALNIA-FINAL-scaled.jpg","datePublished":"2026-04-13T06:55:46+00:00","dateModified":"2026-04-13T14:07:32+00:00","breadcrumb":{"@id":"https:\/\/targetonefestival.pl\/pole-namiotowe\/#breadcrumb"},"inLanguage":"en-GB","potentialAction":[{"@type":"ReadAction","target":["https:\/\/targetonefestival.pl\/pole-namiotowe\/"]}]},{"@type":"ImageObject","inLanguage":"en-GB","@id":"https:\/\/targetonefestival.pl\/pole-namiotowe\/#primaryimage","url":"https:\/\/targetonefestival.pl\/wp-content\/uploads\/2026\/04\/MAPA-KOPALNIA-FINAL-scaled.jpg","contentUrl":"https:\/\/targetonefestival.pl\/wp-content\/uploads\/2026\/04\/MAPA-KOPALNIA-FINAL-scaled.jpg"},{"@type":"BreadcrumbList","@id":"https:\/\/targetonefestival.pl\/pole-namiotowe\/#breadcrumb","itemListElement":[{"@type":"ListItem","position":1,"name":"Strona g\u0142\u00f3wna","item":"https:\/\/targetonefestival.pl\/"},{"@type":"ListItem","position":2,"name":"Pole namiotowe"}]},{"@type":"WebSite","@id":"https:\/\/targetonefestival.pl\/#website","url":"https:\/\/targetonefestival.pl\/","name":"Target One Festival - festiwal muzyki elektronicznej","description":"Target One Festival \u2013 festiwal muzyki elektronicznej","publisher":{"@id":"https:\/\/targetonefestival.pl\/#organization"},"potentialAction":[{"@type":"SearchAction","target":{"@type":"EntryPoint","urlTemplate":"https:\/\/targetonefestival.pl\/?s={search_term_string}"},"query-input":{"@type":"PropertyValueSpecification","valueRequired":true,"valueName":"search_term_string"}}],"inLanguage":"en-GB"},{"@type":"Organization","@id":"https:\/\/targetonefestival.pl\/#organization","name":"Target One Festival","url":"https:\/\/targetonefestival.pl\/","logo":{"@type":"ImageObject","inLanguage":"en-GB","@id":"https:\/\/targetonefestival.pl\/#\/schema\/logo\/image\/","url":"https:\/\/targetonefestival.pl\/wp-content\/uploads\/2024\/10\/cropped-LOGO-TOF-GREEN-WWW-V1.png","contentUrl":"https:\/\/targetonefestival.pl\/wp-content\/uploads\/2024\/10\/cropped-LOGO-TOF-GREEN-WWW-V1.png","width":512,"height":512,"caption":"Target One Festival"},"image":{"@id":"https:\/\/targetonefestival.pl\/#\/schema\/logo\/image\/"},"sameAs":["https:\/\/www.facebook.com\/targetonefestival\/"]}]}},"_links":{"self":[{"href":"https:\/\/targetonefestival.pl\/en\/wp-json\/wp\/v2\/pages\/2114","targetHints":{"allow":["GET"]}}],"collection":[{"href":"https:\/\/targetonefestival.pl\/en\/wp-json\/wp\/v2\/pages"}],"about":[{"href":"https:\/\/targetonefestival.pl\/en\/wp-json\/wp\/v2\/types\/page"}],"author":[{"embeddable":true,"href":"https:\/\/targetonefestival.pl\/en\/wp-json\/wp\/v2\/users\/1"}],"replies":[{"embeddable":true,"href":"https:\/\/targetonefestival.pl\/en\/wp-json\/wp\/v2\/comments?post=2114"}],"version-history":[{"count":67,"href":"https:\/\/targetonefestival.pl\/en\/wp-json\/wp\/v2\/pages\/2114\/revisions"}],"predecessor-version":[{"id":2201,"href":"https:\/\/targetonefestival.pl\/en\/wp-json\/wp\/v2\/pages\/2114\/revisions\/2201"}],"wp:attachment":[{"href":"https:\/\/targetonefestival.pl\/en\/wp-json\/wp\/v2\/media?parent=2114"}],"curies":[{"name":"wp","href":"https:\/\/api.w.org\/{rel}","templated":true}]}}