{"id":1844,"date":"2026-01-27T11:42:30","date_gmt":"2026-01-27T10:42:30","guid":{"rendered":"https:\/\/targetonefestival.pl\/?page_id=1844"},"modified":"2026-04-13T13:08:46","modified_gmt":"2026-04-13T11:08:46","slug":"lokalizacja","status":"publish","type":"page","link":"https:\/\/targetonefestival.pl\/en\/lokalizacja\/","title":{"rendered":"LOCATION"},"content":{"rendered":"<div data-elementor-type=\"wp-page\" data-elementor-id=\"1844\" class=\"elementor elementor-1844\" data-elementor-post-type=\"page\">\n\t\t\t\t<div class=\"elementor-element elementor-element-86b5277 e-flex e-con-boxed e-con e-parent\" data-id=\"86b5277\" data-element_type=\"container\" data-settings=\"{&quot;background_background&quot;:&quot;classic&quot;}\">\n\t\t\t\t\t<div class=\"e-con-inner\">\n\t\t\t\t<div class=\"elementor-element elementor-element-e09036f elementor-widget elementor-widget-heading\" data-id=\"e09036f\" data-element_type=\"widget\" data-widget_type=\"heading.default\">\n\t\t\t\t<div class=\"elementor-widget-container\">\n\t\t\t<h2 class=\"elementor-heading-title elementor-size-default\">LOCATION<\/h2>\t\t<\/div>\n\t\t\t\t<\/div>\n\t\t<div class=\"elementor-element elementor-element-826a64d e-grid e-con-full e-con e-child\" data-id=\"826a64d\" data-element_type=\"container\">\n\t\t\t\t<div class=\"elementor-element elementor-element-da67d75 elementor-widget elementor-widget-image\" data-id=\"da67d75\" data-element_type=\"widget\" data-widget_type=\"image.default\">\n\t\t\t\t<div class=\"elementor-widget-container\">\n\t\t\t\t\t\t\t\t\t\t\t\t\t<img fetchpriority=\"high\" decoding=\"async\" width=\"800\" height=\"1000\" src=\"https:\/\/targetonefestival.pl\/wp-content\/uploads\/2026\/01\/LOTNISKO-FOTO-819x1024.jpg\" class=\"attachment-large size-large wp-image-1852\" alt=\"Lokalizacja Target One Festival 2026\" srcset=\"https:\/\/targetonefestival.pl\/wp-content\/uploads\/2026\/01\/LOTNISKO-FOTO-819x1024.jpg 819w, https:\/\/targetonefestival.pl\/wp-content\/uploads\/2026\/01\/LOTNISKO-FOTO-240x300.jpg 240w, https:\/\/targetonefestival.pl\/wp-content\/uploads\/2026\/01\/LOTNISKO-FOTO-768x960.jpg 768w, https:\/\/targetonefestival.pl\/wp-content\/uploads\/2026\/01\/LOTNISKO-FOTO.jpg 1080w\" sizes=\"(max-width: 800px) 100vw, 800px\" \/>\t\t\t\t\t\t\t\t\t\t\t\t\t<\/div>\n\t\t\t\t<\/div>\n\t\t\t\t<div class=\"elementor-element elementor-element-6b126df elementor-widget elementor-widget-text-editor\" data-id=\"6b126df\" data-element_type=\"widget\" data-widget_type=\"text-editor.default\">\n\t\t\t\t<div class=\"elementor-widget-container\">\n\t\t\t\t\t\t\t<h1>SZYMAN\u00d3W AIRPORT<\/h1><p>Szyman\u00f3w has been bustling with aviation activity since 1983, hosting events and competitions. Residents of Wroc\u0142aw and the surrounding area can participate daily in the activities of the landing site and spend their free time with \"flight enthusiasts.\" In 2016, the Wroc\u0142aw Aeroclub undertook to organize a series of sporting events \u2013 from several Polish Championship competitions to the world-class World Games.<\/p><h3>Location: Szyman\u00f3w, 51-188 Wroc\u0142aw<\/h3>\t\t\t\t\t\t<\/div>\n\t\t\t\t<\/div>\n\t\t\t\t<\/div>\n\t\t\t\t<div class=\"elementor-element elementor-element-3597f84 elementor-align-center elementor-widget elementor-widget-button\" data-id=\"3597f84\" data-element_type=\"widget\" data-widget_type=\"button.default\">\n\t\t\t\t<div class=\"elementor-widget-container\">\n\t\t\t\t\t<div class=\"elementor-button-wrapper\">\n\t\t\t<a class=\"elementor-button elementor-button-link elementor-size-sm\" href=\"https:\/\/targetonefestival.pl\/wp-content\/uploads\/2026\/03\/MAPA-FESTIWALU-F.jpg\">\n\t\t\t\t\t\t<span class=\"elementor-button-content-wrapper\">\n\t\t\t\t\t\t\t\t\t<span class=\"elementor-button-text\">ZOBACZ MAP\u0118 FESTIWALU<\/span>\n\t\t\t\t\t<\/span>\n\t\t\t\t\t<\/a>\n\t\t<\/div>\n\t\t\t\t<\/div>\n\t\t\t\t<\/div>\n\t\t\t\t<div class=\"elementor-element elementor-element-57c2861 elementor-widget elementor-widget-google_maps\" data-id=\"57c2861\" data-element_type=\"widget\" data-widget_type=\"google_maps.default\">\n\t\t\t\t<div class=\"elementor-widget-container\">\n\t\t\t\t\t<div class=\"elementor-custom-embed\">\n\t\t\t<iframe loading=\"lazy\"\n\t\t\t\t\tsrc=\"https:\/\/maps.google.com\/maps?q=aeroklub%20szyman%C3%B3w&#038;t=m&#038;z=11&#038;output=embed&#038;iwloc=near\"\n\t\t\t\t\ttitle=\"aeroklub szyman\u00f3w\"\n\t\t\t\t\taria-label=\"aeroklub szyman\u00f3w\"\n\t\t\t><\/iframe>\n\t\t<\/div>\n\t\t\t\t<\/div>\n\t\t\t\t<\/div>\n\t\t\t\t\t<\/div>\n\t\t\t\t<\/div>\n\t\t\t\t<\/div>","protected":false},"excerpt":{"rendered":"<p>LOKALIZACJA LOTNISKO SZYMAN\u00d3W Szyman\u00f3w nieprzerwanie od 1983 roku t\u0119tni lotniczym \u017cyciem, organizuje imprezy oraz zawody.\u00a0Mieszka\u0144cy Wroc\u0142awia i okolic mog\u0105 codziennie uczestniczy\u0107 w \u017cyciu L\u0105dowiska i sp\u0119dza\u0107 z \u201epasjonatami lot\u00f3w\u201d sw\u00f3j wolny czas. W roku 2016 Aeroklub Wroc\u0142awski podj\u0105\u0142 si\u0119 zorganizowania ca\u0142ego cyklu imprez sportowych \u2013 od kilku zawod\u00f3w w randze Mistrzostw Polski, po zawody rangi [&hellip;]<\/p>\n","protected":false},"author":1,"featured_media":0,"parent":0,"menu_order":0,"comment_status":"closed","ping_status":"closed","template":"","meta":{"footnotes":""},"class_list":["post-1844","page","type-page","status-publish","hentry"],"yoast_head":"<!-- This site is optimized with the Yoast SEO plugin v23.6 - https:\/\/yoast.com\/wordpress\/plugins\/seo\/ -->\n<title>LOKALIZACJA - Target One Festival - festiwal muzyki elektronicznej<\/title>\n<meta name=\"robots\" content=\"index, follow, max-snippet:-1, max-image-preview:large, max-video-preview:-1\" \/>\n<link rel=\"canonical\" href=\"https:\/\/targetonefestival.pl\/en\/lokalizacja\/\" \/>\n<meta property=\"og:locale\" content=\"en_GB\" \/>\n<meta property=\"og:type\" content=\"article\" \/>\n<meta property=\"og:title\" content=\"LOKALIZACJA - Target One Festival - festiwal muzyki elektronicznej\" \/>\n<meta property=\"og:description\" content=\"LOKALIZACJA LOTNISKO SZYMAN\u00d3W Szyman\u00f3w nieprzerwanie od 1983 roku t\u0119tni lotniczym \u017cyciem, organizuje imprezy oraz zawody.\u00a0Mieszka\u0144cy Wroc\u0142awia i okolic mog\u0105 codziennie uczestniczy\u0107 w \u017cyciu L\u0105dowiska i sp\u0119dza\u0107 z \u201epasjonatami lot\u00f3w\u201d sw\u00f3j wolny czas. W roku 2016 Aeroklub Wroc\u0142awski podj\u0105\u0142 si\u0119 zorganizowania ca\u0142ego cyklu imprez sportowych \u2013 od kilku zawod\u00f3w w randze Mistrzostw Polski, po zawody rangi [&hellip;]\" \/>\n<meta property=\"og:url\" content=\"https:\/\/targetonefestival.pl\/en\/lokalizacja\/\" \/>\n<meta property=\"og:site_name\" content=\"Target One Festival - festiwal muzyki elektronicznej\" \/>\n<meta property=\"article:publisher\" content=\"https:\/\/www.facebook.com\/targetonefestival\/\" \/>\n<meta property=\"article:modified_time\" content=\"2026-04-13T11:08:46+00:00\" \/>\n<meta property=\"og:image\" content=\"https:\/\/targetonefestival.pl\/wp-content\/uploads\/2026\/01\/LOTNISKO-FOTO.jpg\" \/>\n\t<meta property=\"og:image:width\" content=\"1080\" \/>\n\t<meta property=\"og:image:height\" content=\"1350\" \/>\n\t<meta property=\"og:image:type\" content=\"image\/jpeg\" \/>\n<meta name=\"twitter:card\" content=\"summary_large_image\" \/>\n<meta name=\"twitter:label1\" content=\"Estimated reading time\" \/>\n\t<meta name=\"twitter:data1\" content=\"1 minute\" \/>\n<script type=\"application\/ld+json\" class=\"yoast-schema-graph\">{\"@context\":\"https:\/\/schema.org\",\"@graph\":[{\"@type\":\"WebPage\",\"@id\":\"https:\/\/targetonefestival.pl\/lokalizacja\/\",\"url\":\"https:\/\/targetonefestival.pl\/lokalizacja\/\",\"name\":\"LOKALIZACJA - Target One Festival - festiwal muzyki elektronicznej\",\"isPartOf\":{\"@id\":\"https:\/\/targetonefestival.pl\/#website\"},\"primaryImageOfPage\":{\"@id\":\"https:\/\/targetonefestival.pl\/lokalizacja\/#primaryimage\"},\"image\":{\"@id\":\"https:\/\/targetonefestival.pl\/lokalizacja\/#primaryimage\"},\"thumbnailUrl\":\"https:\/\/targetonefestival.pl\/wp-content\/uploads\/2026\/01\/LOTNISKO-FOTO-819x1024.jpg\",\"datePublished\":\"2026-01-27T10:42:30+00:00\",\"dateModified\":\"2026-04-13T11:08:46+00:00\",\"breadcrumb\":{\"@id\":\"https:\/\/targetonefestival.pl\/lokalizacja\/#breadcrumb\"},\"inLanguage\":\"en-GB\",\"potentialAction\":[{\"@type\":\"ReadAction\",\"target\":[\"https:\/\/targetonefestival.pl\/lokalizacja\/\"]}]},{\"@type\":\"ImageObject\",\"inLanguage\":\"en-GB\",\"@id\":\"https:\/\/targetonefestival.pl\/lokalizacja\/#primaryimage\",\"url\":\"https:\/\/targetonefestival.pl\/wp-content\/uploads\/2026\/01\/LOTNISKO-FOTO-819x1024.jpg\",\"contentUrl\":\"https:\/\/targetonefestival.pl\/wp-content\/uploads\/2026\/01\/LOTNISKO-FOTO-819x1024.jpg\"},{\"@type\":\"BreadcrumbList\",\"@id\":\"https:\/\/targetonefestival.pl\/lokalizacja\/#breadcrumb\",\"itemListElement\":[{\"@type\":\"ListItem\",\"position\":1,\"name\":\"Strona g\u0142\u00f3wna\",\"item\":\"https:\/\/targetonefestival.pl\/\"},{\"@type\":\"ListItem\",\"position\":2,\"name\":\"LOKALIZACJA\"}]},{\"@type\":\"WebSite\",\"@id\":\"https:\/\/targetonefestival.pl\/#website\",\"url\":\"https:\/\/targetonefestival.pl\/\",\"name\":\"Target One Festival - festiwal muzyki elektronicznej\",\"description\":\"Target One Festival \u2013 festiwal muzyki elektronicznej\",\"publisher\":{\"@id\":\"https:\/\/targetonefestival.pl\/#organization\"},\"potentialAction\":[{\"@type\":\"SearchAction\",\"target\":{\"@type\":\"EntryPoint\",\"urlTemplate\":\"https:\/\/targetonefestival.pl\/?s={search_term_string}\"},\"query-input\":{\"@type\":\"PropertyValueSpecification\",\"valueRequired\":true,\"valueName\":\"search_term_string\"}}],\"inLanguage\":\"en-GB\"},{\"@type\":\"Organization\",\"@id\":\"https:\/\/targetonefestival.pl\/#organization\",\"name\":\"Target One Festival\",\"url\":\"https:\/\/targetonefestival.pl\/\",\"logo\":{\"@type\":\"ImageObject\",\"inLanguage\":\"en-GB\",\"@id\":\"https:\/\/targetonefestival.pl\/#\/schema\/logo\/image\/\",\"url\":\"https:\/\/targetonefestival.pl\/wp-content\/uploads\/2024\/10\/cropped-LOGO-TOF-GREEN-WWW-V1.png\",\"contentUrl\":\"https:\/\/targetonefestival.pl\/wp-content\/uploads\/2024\/10\/cropped-LOGO-TOF-GREEN-WWW-V1.png\",\"width\":512,\"height\":512,\"caption\":\"Target One Festival\"},\"image\":{\"@id\":\"https:\/\/targetonefestival.pl\/#\/schema\/logo\/image\/\"},\"sameAs\":[\"https:\/\/www.facebook.com\/targetonefestival\/\"]}]}<\/script>\n<!-- \/ Yoast SEO plugin. -->","yoast_head_json":{"title":"LOKALIZACJA - Target One Festival - festiwal muzyki elektronicznej","robots":{"index":"index","follow":"follow","max-snippet":"max-snippet:-1","max-image-preview":"max-image-preview:large","max-video-preview":"max-video-preview:-1"},"canonical":"https:\/\/targetonefestival.pl\/en\/lokalizacja\/","og_locale":"en_GB","og_type":"article","og_title":"LOKALIZACJA - Target One Festival - festiwal muzyki elektronicznej","og_description":"LOKALIZACJA LOTNISKO SZYMAN\u00d3W Szyman\u00f3w nieprzerwanie od 1983 roku t\u0119tni lotniczym \u017cyciem, organizuje imprezy oraz zawody.\u00a0Mieszka\u0144cy Wroc\u0142awia i okolic mog\u0105 codziennie uczestniczy\u0107 w \u017cyciu L\u0105dowiska i sp\u0119dza\u0107 z \u201epasjonatami lot\u00f3w\u201d sw\u00f3j wolny czas. W roku 2016 Aeroklub Wroc\u0142awski podj\u0105\u0142 si\u0119 zorganizowania ca\u0142ego cyklu imprez sportowych \u2013 od kilku zawod\u00f3w w randze Mistrzostw Polski, po zawody rangi [&hellip;]","og_url":"https:\/\/targetonefestival.pl\/en\/lokalizacja\/","og_site_name":"Target One Festival - festiwal muzyki elektronicznej","article_publisher":"https:\/\/www.facebook.com\/targetonefestival\/","article_modified_time":"2026-04-13T11:08:46+00:00","og_image":[{"width":1080,"height":1350,"url":"https:\/\/targetonefestival.pl\/wp-content\/uploads\/2026\/01\/LOTNISKO-FOTO.jpg","type":"image\/jpeg"}],"twitter_card":"summary_large_image","twitter_misc":{"Estimated reading time":"1 minute"},"schema":{"@context":"https:\/\/schema.org","@graph":[{"@type":"WebPage","@id":"https:\/\/targetonefestival.pl\/lokalizacja\/","url":"https:\/\/targetonefestival.pl\/lokalizacja\/","name":"LOKALIZACJA - Target One Festival - festiwal muzyki elektronicznej","isPartOf":{"@id":"https:\/\/targetonefestival.pl\/#website"},"primaryImageOfPage":{"@id":"https:\/\/targetonefestival.pl\/lokalizacja\/#primaryimage"},"image":{"@id":"https:\/\/targetonefestival.pl\/lokalizacja\/#primaryimage"},"thumbnailUrl":"https:\/\/targetonefestival.pl\/wp-content\/uploads\/2026\/01\/LOTNISKO-FOTO-819x1024.jpg","datePublished":"2026-01-27T10:42:30+00:00","dateModified":"2026-04-13T11:08:46+00:00","breadcrumb":{"@id":"https:\/\/targetonefestival.pl\/lokalizacja\/#breadcrumb"},"inLanguage":"en-GB","potentialAction":[{"@type":"ReadAction","target":["https:\/\/targetonefestival.pl\/lokalizacja\/"]}]},{"@type":"ImageObject","inLanguage":"en-GB","@id":"https:\/\/targetonefestival.pl\/lokalizacja\/#primaryimage","url":"https:\/\/targetonefestival.pl\/wp-content\/uploads\/2026\/01\/LOTNISKO-FOTO-819x1024.jpg","contentUrl":"https:\/\/targetonefestival.pl\/wp-content\/uploads\/2026\/01\/LOTNISKO-FOTO-819x1024.jpg"},{"@type":"BreadcrumbList","@id":"https:\/\/targetonefestival.pl\/lokalizacja\/#breadcrumb","itemListElement":[{"@type":"ListItem","position":1,"name":"Strona g\u0142\u00f3wna","item":"https:\/\/targetonefestival.pl\/"},{"@type":"ListItem","position":2,"name":"LOKALIZACJA"}]},{"@type":"WebSite","@id":"https:\/\/targetonefestival.pl\/#website","url":"https:\/\/targetonefestival.pl\/","name":"Target One Festival - festiwal muzyki elektronicznej","description":"Target One Festival \u2013 festiwal muzyki elektronicznej","publisher":{"@id":"https:\/\/targetonefestival.pl\/#organization"},"potentialAction":[{"@type":"SearchAction","target":{"@type":"EntryPoint","urlTemplate":"https:\/\/targetonefestival.pl\/?s={search_term_string}"},"query-input":{"@type":"PropertyValueSpecification","valueRequired":true,"valueName":"search_term_string"}}],"inLanguage":"en-GB"},{"@type":"Organization","@id":"https:\/\/targetonefestival.pl\/#organization","name":"Target One Festival","url":"https:\/\/targetonefestival.pl\/","logo":{"@type":"ImageObject","inLanguage":"en-GB","@id":"https:\/\/targetonefestival.pl\/#\/schema\/logo\/image\/","url":"https:\/\/targetonefestival.pl\/wp-content\/uploads\/2024\/10\/cropped-LOGO-TOF-GREEN-WWW-V1.png","contentUrl":"https:\/\/targetonefestival.pl\/wp-content\/uploads\/2024\/10\/cropped-LOGO-TOF-GREEN-WWW-V1.png","width":512,"height":512,"caption":"Target One Festival"},"image":{"@id":"https:\/\/targetonefestival.pl\/#\/schema\/logo\/image\/"},"sameAs":["https:\/\/www.facebook.com\/targetonefestival\/"]}]}},"_links":{"self":[{"href":"https:\/\/targetonefestival.pl\/en\/wp-json\/wp\/v2\/pages\/1844","targetHints":{"allow":["GET"]}}],"collection":[{"href":"https:\/\/targetonefestival.pl\/en\/wp-json\/wp\/v2\/pages"}],"about":[{"href":"https:\/\/targetonefestival.pl\/en\/wp-json\/wp\/v2\/types\/page"}],"author":[{"embeddable":true,"href":"https:\/\/targetonefestival.pl\/en\/wp-json\/wp\/v2\/users\/1"}],"replies":[{"embeddable":true,"href":"https:\/\/targetonefestival.pl\/en\/wp-json\/wp\/v2\/comments?post=1844"}],"version-history":[{"count":34,"href":"https:\/\/targetonefestival.pl\/en\/wp-json\/wp\/v2\/pages\/1844\/revisions"}],"predecessor-version":[{"id":2191,"href":"https:\/\/targetonefestival.pl\/en\/wp-json\/wp\/v2\/pages\/1844\/revisions\/2191"}],"wp:attachment":[{"href":"https:\/\/targetonefestival.pl\/en\/wp-json\/wp\/v2\/media?parent=1844"}],"curies":[{"name":"wp","href":"https:\/\/api.w.org\/{rel}","templated":true}]}}