{"id":181,"date":"2024-10-04T12:09:16","date_gmt":"2024-10-04T10:09:16","guid":{"rendered":"https:\/\/targetonefestival.pl\/?page_id=181"},"modified":"2025-05-06T19:41:19","modified_gmt":"2025-05-06T17:41:19","slug":"info","status":"publish","type":"page","link":"https:\/\/targetonefestival.pl\/en\/info\/","title":{"rendered":"Info"},"content":{"rendered":"\t\t<div data-elementor-type=\"wp-page\" data-elementor-id=\"181\" class=\"elementor elementor-181\" data-elementor-post-type=\"page\">\n\t\t\t\t<div class=\"elementor-element elementor-element-527fb0a e-flex e-con-boxed e-con e-parent\" data-id=\"527fb0a\" data-element_type=\"container\" data-settings=\"{&quot;background_background&quot;:&quot;slideshow&quot;,&quot;background_slideshow_gallery&quot;:[{&quot;id&quot;:480,&quot;url&quot;:&quot;https:\\\/\\\/targetonefestival.pl\\\/wp-content\\\/uploads\\\/2024\\\/10\\\/WORK-BG.webp&quot;}],&quot;background_slideshow_slide_duration&quot;:10000,&quot;background_slideshow_loop&quot;:&quot;yes&quot;,&quot;background_slideshow_slide_transition&quot;:&quot;fade&quot;,&quot;background_slideshow_transition_duration&quot;:500}\">\n\t\t\t\t\t<div class=\"e-con-inner\">\n\t\t\t\t<div class=\"elementor-element elementor-element-e51fcc1 elementor-widget elementor-widget-heading\" data-id=\"e51fcc1\" data-element_type=\"widget\" data-widget_type=\"heading.default\">\n\t\t\t\t<div class=\"elementor-widget-container\">\n\t\t\t<h2 class=\"elementor-heading-title elementor-size-default\">TARGET ONE FESTIVAL 2025 - INFORMACJE<\/h2>\t\t<\/div>\n\t\t\t\t<\/div>\n\t\t\t\t<div class=\"elementor-element elementor-element-f4ed50f elementor-widget elementor-widget-heading\" data-id=\"f4ed50f\" data-element_type=\"widget\" data-widget_type=\"heading.default\">\n\t\t\t\t<div class=\"elementor-widget-container\">\n\t\t\t<h2 class=\"elementor-heading-title elementor-size-default\">LOKALIZACJA<\/h2>\t\t<\/div>\n\t\t\t\t<\/div>\n\t\t\t\t<div class=\"elementor-element elementor-element-c6b5b8b elementor-widget elementor-widget-heading\" data-id=\"c6b5b8b\" data-element_type=\"widget\" data-widget_type=\"heading.default\">\n\t\t\t\t<div class=\"elementor-widget-container\">\n\t\t\t<h2 class=\"elementor-heading-title elementor-size-default\">Adres: ul. Osobowicka 61 (Pola Osobowickie), 50-001 Wroc\u0142aw<\/h2>\t\t<\/div>\n\t\t\t\t<\/div>\n\t\t\t\t<div class=\"elementor-element elementor-element-8bdc59d elementor-widget elementor-widget-google_maps\" data-id=\"8bdc59d\" data-element_type=\"widget\" data-widget_type=\"google_maps.default\">\n\t\t\t\t<div class=\"elementor-widget-container\">\n\t\t\t\t\t<div class=\"elementor-custom-embed\">\n\t\t\t<iframe loading=\"lazy\"\n\t\t\t\t\tsrc=\"https:\/\/maps.google.com\/maps?q=pola%20osobowickie&#038;t=m&#038;z=14&#038;output=embed&#038;iwloc=near\"\n\t\t\t\t\ttitle=\"pola osobowickie\"\n\t\t\t\t\taria-label=\"pola osobowickie\"\n\t\t\t><\/iframe>\n\t\t<\/div>\n\t\t\t\t<\/div>\n\t\t\t\t<\/div>\n\t\t\t\t<div class=\"elementor-element elementor-element-51f5782 elementor-widget elementor-widget-text-editor\" data-id=\"51f5782\" data-element_type=\"widget\" data-widget_type=\"text-editor.default\">\n\t\t\t\t<div class=\"elementor-widget-container\">\n\t\t\t\t\t\t\t<p class=\"p1\">Na teren wydarzenia najlepiej dojecha\u0107 komunikacj\u0105 miejsk\u0105 Przystanek Osobowiska (cmentarz II)\u00a0 lub przy pomocy poci\u0105gu (stacja Wroc\u0142aw R\u00f3\u017canka)<\/p>\t\t\t\t\t\t<\/div>\n\t\t\t\t<\/div>\n\t\t\t\t<div class=\"elementor-element elementor-element-7fc3bd1 elementor-align-center elementor-widget elementor-widget-button\" data-id=\"7fc3bd1\" data-element_type=\"widget\" data-widget_type=\"button.default\">\n\t\t\t\t<div class=\"elementor-widget-container\">\n\t\t\t\t\t<div class=\"elementor-button-wrapper\">\n\t\t\t<a class=\"elementor-button elementor-button-link elementor-size-sm\" href=\"https:\/\/targetonefestival.pl\/wp-content\/uploads\/2025\/05\/REGULAMIN-TARGET-ONE-FESTIVAL-2025.pdf\">\n\t\t\t\t\t\t<span class=\"elementor-button-content-wrapper\">\n\t\t\t\t\t\t\t\t\t<span class=\"elementor-button-text\">REGULAMIN WYDARZENIA<\/span>\n\t\t\t\t\t<\/span>\n\t\t\t\t\t<\/a>\n\t\t<\/div>\n\t\t\t\t<\/div>\n\t\t\t\t<\/div>\n\t\t\t\t<div class=\"elementor-element elementor-element-c6cfdf8 elementor-widget-divider--view-line elementor-widget elementor-widget-divider\" data-id=\"c6cfdf8\" data-element_type=\"widget\" data-widget_type=\"divider.default\">\n\t\t\t\t<div class=\"elementor-widget-container\">\n\t\t\t\t\t<div class=\"elementor-divider\">\n\t\t\t<span class=\"elementor-divider-separator\">\n\t\t\t\t\t\t<\/span>\n\t\t<\/div>\n\t\t\t\t<\/div>\n\t\t\t\t<\/div>\n\t\t\t\t<div class=\"elementor-element elementor-element-2457f0a elementor-widget elementor-widget-heading\" data-id=\"2457f0a\" data-element_type=\"widget\" data-widget_type=\"heading.default\">\n\t\t\t\t<div class=\"elementor-widget-container\">\n\t\t\t<h2 class=\"elementor-heading-title elementor-size-default\">NAJCZ\u0118STSZE PYTANIA I ODPOWIEDZI<\/h2>\t\t<\/div>\n\t\t\t\t<\/div>\n\t\t\t\t<div class=\"elementor-element elementor-element-a7b0959 elementor-widget elementor-widget-heading\" data-id=\"a7b0959\" data-element_type=\"widget\" data-widget_type=\"heading.default\">\n\t\t\t\t<div class=\"elementor-widget-container\">\n\t\t\t<h2 class=\"elementor-heading-title elementor-size-default\">Gdzie mog\u0119 kupi\u0107 bilety?<\/h2>\t\t<\/div>\n\t\t\t\t<\/div>\n\t\t\t\t<div class=\"elementor-element elementor-element-3b390f5 elementor-widget elementor-widget-text-editor\" data-id=\"3b390f5\" data-element_type=\"widget\" data-widget_type=\"text-editor.default\">\n\t\t\t\t<div class=\"elementor-widget-container\">\n\t\t\t\t\t\t\t<p class=\"p1\">Bilety s\u0105 dost\u0119pne pod adresem <a href=\"https:\/\/targetone.tixx.pl\">www.targetone.tixx.pl<\/a>. B\u0119d\u0105 dost\u0119pne r\u00f3wnie\u017c w kasach biletowych w dniu wydarzenia.<\/p>\t\t\t\t\t\t<\/div>\n\t\t\t\t<\/div>\n\t\t\t\t<div class=\"elementor-element elementor-element-b4144b4 elementor-widget elementor-widget-heading\" data-id=\"b4144b4\" data-element_type=\"widget\" data-widget_type=\"heading.default\">\n\t\t\t\t<div class=\"elementor-widget-container\">\n\t\t\t<h2 class=\"elementor-heading-title elementor-size-default\">Jak weryfikowane s\u0105 bilety?<\/h2>\t\t<\/div>\n\t\t\t\t<\/div>\n\t\t\t\t<div class=\"elementor-element elementor-element-9d45810 elementor-widget elementor-widget-text-editor\" data-id=\"9d45810\" data-element_type=\"widget\" data-widget_type=\"text-editor.default\">\n\t\t\t\t<div class=\"elementor-widget-container\">\n\t\t\t\t\t\t\t<p class=\"p1\">Bilet mo\u017cna wydrukowa\u0107 lub pokaza\u0107 w telefonie. Pojedynczy bilet uprawnia do wej\u015bcia jedn\u0105 osob\u0119. Bilet jest biletem na okaziciela, co oznacza, \u017ce u\u017cy\u0107 biletu mo\u017ce osoba, kt\u00f3rej dane nie znajduj\u0105 si\u0119 na bilecie.<\/p><p class=\"p1\">Bilet wst\u0119pu jest jednorazowy, po opuszczeniu terenu imprezy masowej traci swoj\u0105 wa\u017cno\u015b\u0107.<\/p>\t\t\t\t\t\t<\/div>\n\t\t\t\t<\/div>\n\t\t\t\t<div class=\"elementor-element elementor-element-19cf168 elementor-widget elementor-widget-heading\" data-id=\"19cf168\" data-element_type=\"widget\" data-widget_type=\"heading.default\">\n\t\t\t\t<div class=\"elementor-widget-container\">\n\t\t\t<h2 class=\"elementor-heading-title elementor-size-default\">Kto mo\u017ce uczestniczy\u0107\u00a0w wydarzeniu?<\/h2>\t\t<\/div>\n\t\t\t\t<\/div>\n\t\t\t\t<div class=\"elementor-element elementor-element-d3910e2 elementor-widget elementor-widget-text-editor\" data-id=\"d3910e2\" data-element_type=\"widget\" data-widget_type=\"text-editor.default\">\n\t\t\t\t<div class=\"elementor-widget-container\">\n\t\t\t\t\t\t\t<p class=\"p1\">Uczestnikiem festiwalu mo\u017ce by\u0107 osoba ma\u0142oletnia poni\u017cej 16 roku (w\u0142\u0105cznie) \u017cycia tylko pod opiek\u0105 osoby doros\u0142ej b\u0119d\u0105c\u0105 opiekunem prawnym (przedstawicielem ustawowym) osoby ma\u0142oletniej. Osoba ma\u0142oletnia powy\u017cej 16-tego roku \u017cycia (w\u0142\u0105cznie) mo\u017ce uczestniczy\u0107 w festiwalu samodzielnie za okazaniem zgody dost\u0119pnej na stronie <a href=\"http:\/\/www.targetonefestival.pl\/oswiadczenie\">www.targetonefestival.pl\/oswiadczenie<\/a><\/p>\t\t\t\t\t\t<\/div>\n\t\t\t\t<\/div>\n\t\t\t\t<div class=\"elementor-element elementor-element-d563e4a elementor-widget elementor-widget-heading\" data-id=\"d563e4a\" data-element_type=\"widget\" data-widget_type=\"heading.default\">\n\t\t\t\t<div class=\"elementor-widget-container\">\n\t\t\t<h2 class=\"elementor-heading-title elementor-size-default\">Czy na terenie wydarzenia znajduje si\u0119 parking?<\/h2>\t\t<\/div>\n\t\t\t\t<\/div>\n\t\t\t\t<div class=\"elementor-element elementor-element-af4b128 elementor-widget elementor-widget-text-editor\" data-id=\"af4b128\" data-element_type=\"widget\" data-widget_type=\"text-editor.default\">\n\t\t\t\t<div class=\"elementor-widget-container\">\n\t\t\t\t\t\t\t<p class=\"p1\">Tak, na terenie wydarzenia b\u0119dzie dost\u0119pny du\u017cy parking, p\u0142atny na miejscu.<\/p>\t\t\t\t\t\t<\/div>\n\t\t\t\t<\/div>\n\t\t\t\t<div class=\"elementor-element elementor-element-668d0d4 elementor-widget elementor-widget-heading\" data-id=\"668d0d4\" data-element_type=\"widget\" data-widget_type=\"heading.default\">\n\t\t\t\t<div class=\"elementor-widget-container\">\n\t\t\t<h2 class=\"elementor-heading-title elementor-size-default\">Czy jest dost\u0119pne pole namiotowe?<\/h2>\t\t<\/div>\n\t\t\t\t<\/div>\n\t\t\t\t<div class=\"elementor-element elementor-element-e5d03a4 elementor-widget elementor-widget-text-editor\" data-id=\"e5d03a4\" data-element_type=\"widget\" data-widget_type=\"text-editor.default\">\n\t\t\t\t<div class=\"elementor-widget-container\">\n\t\t\t\t\t\t\t<p class=\"p1\">Tak, podczas dw\u00f3ch dni wydarzenia b\u0119dzie dost\u0119pne pole namiotowe. W cenie biletu na pole znajduje si\u0119: wyznaczone miejsce na polu namiotowym, dost\u0119p do strefy chill, zaplecze sanitarno-higieniczne, stacja \u0142adowania baterii i urz\u0105dze\u0144 elektronicznych, ca\u0142odobowa ochrona pola namiotowego. Uczestnicy organizuj\u0105 namioty we w\u0142asnym zakresie. Udost\u0119pniamy r\u00f3wnie\u017c opcj\u0119 przyjazdu camperem. Bilety mo\u017cna zakupi\u0107 <a href=\"https:\/\/targetone.tixx.pl\/bilety\/2106\/target-one-festival-2025.html\">TUTAJ<\/a>.<\/p>\t\t\t\t\t\t<\/div>\n\t\t\t\t<\/div>\n\t\t\t\t\t<\/div>\n\t\t\t\t<\/div>\n\t\t\t\t<\/div>\n\t\t","protected":false},"excerpt":{"rendered":"<p>TARGET ONE FESTIVAL 2025 &#8211; INFORMACJE LOKALIZACJA Adres: ul. Osobowicka 61 (Pola Osobowickie), 50-001 Wroc\u0142aw Na teren wydarzenia najlepiej dojecha\u0107 komunikacj\u0105 miejsk\u0105 Przystanek Osobowiska (cmentarz II)\u00a0 lub przy pomocy poci\u0105gu (stacja Wroc\u0142aw R\u00f3\u017canka) REGULAMIN WYDARZENIA NAJCZ\u0118STSZE PYTANIA I ODPOWIEDZI Gdzie mog\u0119 kupi\u0107 bilety? Bilety s\u0105 dost\u0119pne pod adresem www.targetone.tixx.pl. B\u0119d\u0105 dost\u0119pne r\u00f3wnie\u017c w kasach biletowych [&hellip;]<\/p>\n","protected":false},"author":1,"featured_media":0,"parent":0,"menu_order":0,"comment_status":"closed","ping_status":"closed","template":"","meta":{"footnotes":""},"class_list":["post-181","page","type-page","status-publish","hentry"],"yoast_head":"<!-- This site is optimized with the Yoast SEO plugin v23.6 - https:\/\/yoast.com\/wordpress\/plugins\/seo\/ -->\n<title>Info - Target One Festival - festiwal muzyki elektronicznej<\/title>\n<meta name=\"robots\" content=\"index, follow, max-snippet:-1, max-image-preview:large, max-video-preview:-1\" \/>\n<link rel=\"canonical\" href=\"https:\/\/targetonefestival.pl\/en\/info\/\" \/>\n<meta property=\"og:locale\" content=\"en_GB\" \/>\n<meta property=\"og:type\" content=\"article\" \/>\n<meta property=\"og:title\" content=\"Info - Target One Festival - festiwal muzyki elektronicznej\" \/>\n<meta property=\"og:description\" content=\"TARGET ONE FESTIVAL 2025 &#8211; INFORMACJE LOKALIZACJA Adres: ul. Osobowicka 61 (Pola Osobowickie), 50-001 Wroc\u0142aw Na teren wydarzenia najlepiej dojecha\u0107 komunikacj\u0105 miejsk\u0105 Przystanek Osobowiska (cmentarz II)\u00a0 lub przy pomocy poci\u0105gu (stacja Wroc\u0142aw R\u00f3\u017canka) REGULAMIN WYDARZENIA NAJCZ\u0118STSZE PYTANIA I ODPOWIEDZI Gdzie mog\u0119 kupi\u0107 bilety? Bilety s\u0105 dost\u0119pne pod adresem www.targetone.tixx.pl. B\u0119d\u0105 dost\u0119pne r\u00f3wnie\u017c w kasach biletowych [&hellip;]\" \/>\n<meta property=\"og:url\" content=\"https:\/\/targetonefestival.pl\/en\/info\/\" \/>\n<meta property=\"og:site_name\" content=\"Target One Festival - festiwal muzyki elektronicznej\" \/>\n<meta property=\"article:publisher\" content=\"https:\/\/www.facebook.com\/targetonefestival\/\" \/>\n<meta property=\"article:modified_time\" content=\"2025-05-06T17:41:19+00:00\" \/>\n<meta name=\"twitter:card\" content=\"summary_large_image\" \/>\n<meta name=\"twitter:label1\" content=\"Estimated reading time\" \/>\n\t<meta name=\"twitter:data1\" content=\"2 minutes\" \/>\n<script type=\"application\/ld+json\" class=\"yoast-schema-graph\">{\"@context\":\"https:\/\/schema.org\",\"@graph\":[{\"@type\":\"WebPage\",\"@id\":\"https:\/\/targetonefestival.pl\/info\/\",\"url\":\"https:\/\/targetonefestival.pl\/info\/\",\"name\":\"Info - Target One Festival - festiwal muzyki elektronicznej\",\"isPartOf\":{\"@id\":\"https:\/\/targetonefestival.pl\/#website\"},\"datePublished\":\"2024-10-04T10:09:16+00:00\",\"dateModified\":\"2025-05-06T17:41:19+00:00\",\"breadcrumb\":{\"@id\":\"https:\/\/targetonefestival.pl\/info\/#breadcrumb\"},\"inLanguage\":\"en-GB\",\"potentialAction\":[{\"@type\":\"ReadAction\",\"target\":[\"https:\/\/targetonefestival.pl\/info\/\"]}]},{\"@type\":\"BreadcrumbList\",\"@id\":\"https:\/\/targetonefestival.pl\/info\/#breadcrumb\",\"itemListElement\":[{\"@type\":\"ListItem\",\"position\":1,\"name\":\"Strona g\u0142\u00f3wna\",\"item\":\"https:\/\/targetonefestival.pl\/\"},{\"@type\":\"ListItem\",\"position\":2,\"name\":\"Info\"}]},{\"@type\":\"WebSite\",\"@id\":\"https:\/\/targetonefestival.pl\/#website\",\"url\":\"https:\/\/targetonefestival.pl\/\",\"name\":\"Target One Festival - festiwal muzyki elektronicznej\",\"description\":\"Target One Festival \u2013 festiwal muzyki elektronicznej\",\"publisher\":{\"@id\":\"https:\/\/targetonefestival.pl\/#organization\"},\"potentialAction\":[{\"@type\":\"SearchAction\",\"target\":{\"@type\":\"EntryPoint\",\"urlTemplate\":\"https:\/\/targetonefestival.pl\/?s={search_term_string}\"},\"query-input\":{\"@type\":\"PropertyValueSpecification\",\"valueRequired\":true,\"valueName\":\"search_term_string\"}}],\"inLanguage\":\"en-GB\"},{\"@type\":\"Organization\",\"@id\":\"https:\/\/targetonefestival.pl\/#organization\",\"name\":\"Target One Festival\",\"url\":\"https:\/\/targetonefestival.pl\/\",\"logo\":{\"@type\":\"ImageObject\",\"inLanguage\":\"en-GB\",\"@id\":\"https:\/\/targetonefestival.pl\/#\/schema\/logo\/image\/\",\"url\":\"https:\/\/targetonefestival.pl\/wp-content\/uploads\/2024\/10\/cropped-LOGO-TOF-GREEN-WWW-V1.png\",\"contentUrl\":\"https:\/\/targetonefestival.pl\/wp-content\/uploads\/2024\/10\/cropped-LOGO-TOF-GREEN-WWW-V1.png\",\"width\":512,\"height\":512,\"caption\":\"Target One Festival\"},\"image\":{\"@id\":\"https:\/\/targetonefestival.pl\/#\/schema\/logo\/image\/\"},\"sameAs\":[\"https:\/\/www.facebook.com\/targetonefestival\/\"]}]}<\/script>\n<!-- \/ Yoast SEO plugin. -->","yoast_head_json":{"title":"Info - Target One Festival - festiwal muzyki elektronicznej","robots":{"index":"index","follow":"follow","max-snippet":"max-snippet:-1","max-image-preview":"max-image-preview:large","max-video-preview":"max-video-preview:-1"},"canonical":"https:\/\/targetonefestival.pl\/en\/info\/","og_locale":"en_GB","og_type":"article","og_title":"Info - Target One Festival - festiwal muzyki elektronicznej","og_description":"TARGET ONE FESTIVAL 2025 &#8211; INFORMACJE LOKALIZACJA Adres: ul. Osobowicka 61 (Pola Osobowickie), 50-001 Wroc\u0142aw Na teren wydarzenia najlepiej dojecha\u0107 komunikacj\u0105 miejsk\u0105 Przystanek Osobowiska (cmentarz II)\u00a0 lub przy pomocy poci\u0105gu (stacja Wroc\u0142aw R\u00f3\u017canka) REGULAMIN WYDARZENIA NAJCZ\u0118STSZE PYTANIA I ODPOWIEDZI Gdzie mog\u0119 kupi\u0107 bilety? Bilety s\u0105 dost\u0119pne pod adresem www.targetone.tixx.pl. B\u0119d\u0105 dost\u0119pne r\u00f3wnie\u017c w kasach biletowych [&hellip;]","og_url":"https:\/\/targetonefestival.pl\/en\/info\/","og_site_name":"Target One Festival - festiwal muzyki elektronicznej","article_publisher":"https:\/\/www.facebook.com\/targetonefestival\/","article_modified_time":"2025-05-06T17:41:19+00:00","twitter_card":"summary_large_image","twitter_misc":{"Estimated reading time":"2 minutes"},"schema":{"@context":"https:\/\/schema.org","@graph":[{"@type":"WebPage","@id":"https:\/\/targetonefestival.pl\/info\/","url":"https:\/\/targetonefestival.pl\/info\/","name":"Info - Target One Festival - festiwal muzyki elektronicznej","isPartOf":{"@id":"https:\/\/targetonefestival.pl\/#website"},"datePublished":"2024-10-04T10:09:16+00:00","dateModified":"2025-05-06T17:41:19+00:00","breadcrumb":{"@id":"https:\/\/targetonefestival.pl\/info\/#breadcrumb"},"inLanguage":"en-GB","potentialAction":[{"@type":"ReadAction","target":["https:\/\/targetonefestival.pl\/info\/"]}]},{"@type":"BreadcrumbList","@id":"https:\/\/targetonefestival.pl\/info\/#breadcrumb","itemListElement":[{"@type":"ListItem","position":1,"name":"Strona g\u0142\u00f3wna","item":"https:\/\/targetonefestival.pl\/"},{"@type":"ListItem","position":2,"name":"Info"}]},{"@type":"WebSite","@id":"https:\/\/targetonefestival.pl\/#website","url":"https:\/\/targetonefestival.pl\/","name":"Target One Festival - festiwal muzyki elektronicznej","description":"Target One Festival \u2013 festiwal muzyki elektronicznej","publisher":{"@id":"https:\/\/targetonefestival.pl\/#organization"},"potentialAction":[{"@type":"SearchAction","target":{"@type":"EntryPoint","urlTemplate":"https:\/\/targetonefestival.pl\/?s={search_term_string}"},"query-input":{"@type":"PropertyValueSpecification","valueRequired":true,"valueName":"search_term_string"}}],"inLanguage":"en-GB"},{"@type":"Organization","@id":"https:\/\/targetonefestival.pl\/#organization","name":"Target One Festival","url":"https:\/\/targetonefestival.pl\/","logo":{"@type":"ImageObject","inLanguage":"en-GB","@id":"https:\/\/targetonefestival.pl\/#\/schema\/logo\/image\/","url":"https:\/\/targetonefestival.pl\/wp-content\/uploads\/2024\/10\/cropped-LOGO-TOF-GREEN-WWW-V1.png","contentUrl":"https:\/\/targetonefestival.pl\/wp-content\/uploads\/2024\/10\/cropped-LOGO-TOF-GREEN-WWW-V1.png","width":512,"height":512,"caption":"Target One Festival"},"image":{"@id":"https:\/\/targetonefestival.pl\/#\/schema\/logo\/image\/"},"sameAs":["https:\/\/www.facebook.com\/targetonefestival\/"]}]}},"_links":{"self":[{"href":"https:\/\/targetonefestival.pl\/en\/wp-json\/wp\/v2\/pages\/181","targetHints":{"allow":["GET"]}}],"collection":[{"href":"https:\/\/targetonefestival.pl\/en\/wp-json\/wp\/v2\/pages"}],"about":[{"href":"https:\/\/targetonefestival.pl\/en\/wp-json\/wp\/v2\/types\/page"}],"author":[{"embeddable":true,"href":"https:\/\/targetonefestival.pl\/en\/wp-json\/wp\/v2\/users\/1"}],"replies":[{"embeddable":true,"href":"https:\/\/targetonefestival.pl\/en\/wp-json\/wp\/v2\/comments?post=181"}],"version-history":[{"count":55,"href":"https:\/\/targetonefestival.pl\/en\/wp-json\/wp\/v2\/pages\/181\/revisions"}],"predecessor-version":[{"id":1549,"href":"https:\/\/targetonefestival.pl\/en\/wp-json\/wp\/v2\/pages\/181\/revisions\/1549"}],"wp:attachment":[{"href":"https:\/\/targetonefestival.pl\/en\/wp-json\/wp\/v2\/media?parent=181"}],"curies":[{"name":"wp","href":"https:\/\/api.w.org\/{rel}","templated":true}]}}