{"id":1039,"date":"2025-01-26T20:22:29","date_gmt":"2025-01-26T19:22:29","guid":{"rendered":"https:\/\/targetonefestival.pl\/?page_id=1039"},"modified":"2026-01-26T20:11:26","modified_gmt":"2026-01-26T19:11:26","slug":"o-festiwalu","status":"publish","type":"page","link":"https:\/\/targetonefestival.pl\/en\/o-festiwalu\/","title":{"rendered":"O festiwalu"},"content":{"rendered":"\t\t<div data-elementor-type=\"wp-page\" data-elementor-id=\"1039\" class=\"elementor elementor-1039\" data-elementor-post-type=\"page\">\n\t\t\t\t<div class=\"elementor-element elementor-element-afc56bf e-flex e-con-boxed e-con e-parent\" data-id=\"afc56bf\" data-element_type=\"container\" data-settings=\"{&quot;background_background&quot;:&quot;slideshow&quot;,&quot;background_slideshow_gallery&quot;:[{&quot;id&quot;:480,&quot;url&quot;:&quot;https:\\\/\\\/targetonefestival.pl\\\/wp-content\\\/uploads\\\/2024\\\/10\\\/WORK-BG.webp&quot;}],&quot;background_slideshow_slide_duration&quot;:10000,&quot;background_slideshow_loop&quot;:&quot;yes&quot;,&quot;background_slideshow_slide_transition&quot;:&quot;fade&quot;,&quot;background_slideshow_transition_duration&quot;:500}\">\n\t\t\t\t\t<div class=\"e-con-inner\">\n\t\t\t\t<div class=\"elementor-element elementor-element-4694b4c elementor-widget elementor-widget-heading\" data-id=\"4694b4c\" data-element_type=\"widget\" data-widget_type=\"heading.default\">\n\t\t\t\t<div class=\"elementor-widget-container\">\n\t\t\t<h2 class=\"elementor-heading-title elementor-size-default\">O FESTIWALU<\/h2>\t\t<\/div>\n\t\t\t\t<\/div>\n\t\t\t\t<div class=\"elementor-element elementor-element-f42f2b3 elementor-widget elementor-widget-text-editor\" data-id=\"f42f2b3\" data-element_type=\"widget\" data-widget_type=\"text-editor.default\">\n\t\t\t\t<div class=\"elementor-widget-container\">\n\t\t\t\t\t\t\t<p class=\"p1\">Target One Festival &#8211; jeden z najwi\u0119kszych festiwali muzyki trance i techno w Polsce, kt\u00f3rego historia si\u0119ga 2017 roku. Pierwsza edycja odby\u0142a si\u0119 w dniach 4-5 sierpnia 2017 roku w Krotoszynie. Wydarzenie powr\u00f3ci\u0142o w 2021 roku i od tego momentu odbywa si\u0119 cyklicznie a\u017c do teraz. W 2024 roku festiwal poczyni\u0142 milowy krok i przeni\u00f3s\u0142 si\u0119 do Wroc\u0142awia. Ta historyczna edycja go\u015bci\u0142a na wydarzeniu kilka tysi\u0119cy uczestnik\u00f3w. W kolejnym roku Target One Festival odby\u0142 si\u0119 na Wroc\u0142awskich Polach Osobowickich.<\/p><p class=\"p1\">Przez wszystkie lata zorganizowali\u015bmy wydarzenia z takimi gwiazdami jak: <b>Vini Vici \/ Ben Nicky \/ Aly &amp; Fila \/ Will Atkinson \/ Billy Gilles \/ Sander van Doorn \/ ATB \/ Markus Schulz \/ Nifra \/ Super8 &amp; Tab \/ Oliver Smith \/ Greg Downey \/ Klaudia Gawlas<\/b> i wieloma innymi. Kluczowym aspektem naszego festiwalu jest zapewnienie uczestnikom rozrywki na najwy\u017cszym poziomie audio-wizualnym.<\/p><p>Organizatorem edycji w 2026 roku jest MoreThanGood Sp. z o.o.<\/p>\t\t\t\t\t\t<\/div>\n\t\t\t\t<\/div>\n\t\t\t\t<div class=\"elementor-element elementor-element-08e2376 elementor-widget elementor-widget-heading\" data-id=\"08e2376\" data-element_type=\"widget\" data-widget_type=\"heading.default\">\n\t\t\t\t<div class=\"elementor-widget-container\">\n\t\t\t<h2 class=\"elementor-heading-title elementor-size-default\">Obserwuj nas<\/h2>\t\t<\/div>\n\t\t\t\t<\/div>\n\t\t\t\t<div class=\"elementor-element elementor-element-1537847 elementor-shape-rounded elementor-grid-0 e-grid-align-center elementor-widget elementor-widget-social-icons\" data-id=\"1537847\" data-element_type=\"widget\" data-widget_type=\"social-icons.default\">\n\t\t\t\t<div class=\"elementor-widget-container\">\n\t\t\t\t\t<div class=\"elementor-social-icons-wrapper elementor-grid\">\n\t\t\t\t\t\t\t<span class=\"elementor-grid-item\">\n\t\t\t\t\t<a class=\"elementor-icon elementor-social-icon elementor-social-icon-facebook elementor-repeater-item-2e08550\" href=\"https:\/\/www.facebook.com\/targetonefestival\" target=\"_blank\">\n\t\t\t\t\t\t<span class=\"elementor-screen-only\">Facebook<\/span>\n\t\t\t\t\t\t<svg class=\"e-font-icon-svg e-fab-facebook\" viewBox=\"0 0 512 512\" xmlns=\"http:\/\/www.w3.org\/2000\/svg\"><path d=\"M504 256C504 119 393 8 256 8S8 119 8 256c0 123.78 90.69 226.38 209.25 245V327.69h-63V256h63v-54.64c0-62.15 37-96.48 93.67-96.48 27.14 0 55.52 4.84 55.52 4.84v61h-31.28c-30.8 0-40.41 19.12-40.41 38.73V256h68.78l-11 71.69h-57.78V501C413.31 482.38 504 379.78 504 256z\"><\/path><\/svg>\t\t\t\t\t<\/a>\n\t\t\t\t<\/span>\n\t\t\t\t\t\t\t<span class=\"elementor-grid-item\">\n\t\t\t\t\t<a class=\"elementor-icon elementor-social-icon elementor-social-icon-instagram elementor-repeater-item-d66f327\" href=\"https:\/\/www.instagram.com\/targetonepl\/\" target=\"_blank\">\n\t\t\t\t\t\t<span class=\"elementor-screen-only\">Instagram<\/span>\n\t\t\t\t\t\t<svg class=\"e-font-icon-svg e-fab-instagram\" viewBox=\"0 0 448 512\" xmlns=\"http:\/\/www.w3.org\/2000\/svg\"><path d=\"M224.1 141c-63.6 0-114.9 51.3-114.9 114.9s51.3 114.9 114.9 114.9S339 319.5 339 255.9 287.7 141 224.1 141zm0 189.6c-41.1 0-74.7-33.5-74.7-74.7s33.5-74.7 74.7-74.7 74.7 33.5 74.7 74.7-33.6 74.7-74.7 74.7zm146.4-194.3c0 14.9-12 26.8-26.8 26.8-14.9 0-26.8-12-26.8-26.8s12-26.8 26.8-26.8 26.8 12 26.8 26.8zm76.1 27.2c-1.7-35.9-9.9-67.7-36.2-93.9-26.2-26.2-58-34.4-93.9-36.2-37-2.1-147.9-2.1-184.9 0-35.8 1.7-67.6 9.9-93.9 36.1s-34.4 58-36.2 93.9c-2.1 37-2.1 147.9 0 184.9 1.7 35.9 9.9 67.7 36.2 93.9s58 34.4 93.9 36.2c37 2.1 147.9 2.1 184.9 0 35.9-1.7 67.7-9.9 93.9-36.2 26.2-26.2 34.4-58 36.2-93.9 2.1-37 2.1-147.8 0-184.8zM398.8 388c-7.8 19.6-22.9 34.7-42.6 42.6-29.5 11.7-99.5 9-132.1 9s-102.7 2.6-132.1-9c-19.6-7.8-34.7-22.9-42.6-42.6-11.7-29.5-9-99.5-9-132.1s-2.6-102.7 9-132.1c7.8-19.6 22.9-34.7 42.6-42.6 29.5-11.7 99.5-9 132.1-9s102.7-2.6 132.1 9c19.6 7.8 34.7 22.9 42.6 42.6 11.7 29.5 9 99.5 9 132.1s2.7 102.7-9 132.1z\"><\/path><\/svg>\t\t\t\t\t<\/a>\n\t\t\t\t<\/span>\n\t\t\t\t\t\t\t<span class=\"elementor-grid-item\">\n\t\t\t\t\t<a class=\"elementor-icon elementor-social-icon elementor-social-icon-youtube elementor-repeater-item-fd59087\" href=\"https:\/\/www.youtube.com\/@targetonepl\" target=\"_blank\">\n\t\t\t\t\t\t<span class=\"elementor-screen-only\">Youtube<\/span>\n\t\t\t\t\t\t<svg class=\"e-font-icon-svg e-fab-youtube\" viewBox=\"0 0 576 512\" xmlns=\"http:\/\/www.w3.org\/2000\/svg\"><path d=\"M549.655 124.083c-6.281-23.65-24.787-42.276-48.284-48.597C458.781 64 288 64 288 64S117.22 64 74.629 75.486c-23.497 6.322-42.003 24.947-48.284 48.597-11.412 42.867-11.412 132.305-11.412 132.305s0 89.438 11.412 132.305c6.281 23.65 24.787 41.5 48.284 47.821C117.22 448 288 448 288 448s170.78 0 213.371-11.486c23.497-6.321 42.003-24.171 48.284-47.821 11.412-42.867 11.412-132.305 11.412-132.305s0-89.438-11.412-132.305zm-317.51 213.508V175.185l142.739 81.205-142.739 81.201z\"><\/path><\/svg>\t\t\t\t\t<\/a>\n\t\t\t\t<\/span>\n\t\t\t\t\t<\/div>\n\t\t\t\t<\/div>\n\t\t\t\t<\/div>\n\t\t\t\t<div class=\"elementor-element elementor-element-7d3c0e9 e-transform elementor-invisible elementor-widget elementor-widget-image-gallery\" data-id=\"7d3c0e9\" data-element_type=\"widget\" data-settings=\"{&quot;_animation&quot;:&quot;fadeIn&quot;,&quot;_transform_rotateZ_effect_hover&quot;:{&quot;unit&quot;:&quot;px&quot;,&quot;size&quot;:0,&quot;sizes&quot;:[]},&quot;_transform_rotateZ_effect_hover_tablet&quot;:{&quot;unit&quot;:&quot;deg&quot;,&quot;size&quot;:&quot;&quot;,&quot;sizes&quot;:[]},&quot;_transform_rotateZ_effect_hover_mobile&quot;:{&quot;unit&quot;:&quot;deg&quot;,&quot;size&quot;:&quot;&quot;,&quot;sizes&quot;:[]}}\" data-widget_type=\"image-gallery.default\">\n\t\t\t\t<div class=\"elementor-widget-container\">\n\t\t\t\t\t<div class=\"elementor-image-gallery\">\n\t\t\t<div id='gallery-1' class='gallery galleryid-1039 gallery-columns-3 gallery-size-medium_large'><figure class='gallery-item'>\n\t\t\t<div class='gallery-icon landscape'>\n\t\t\t\t<a data-elementor-open-lightbox=\"no\" href='https:\/\/targetonefestival.pl\/wp-content\/uploads\/2024\/10\/2.-Noc123-scaled.webp'><img fetchpriority=\"high\" decoding=\"async\" width=\"768\" height=\"512\" src=\"https:\/\/targetonefestival.pl\/wp-content\/uploads\/2024\/10\/2.-Noc123-768x512.webp\" class=\"attachment-medium_large size-medium_large\" alt=\"Target One Festival 2024 6\" srcset=\"https:\/\/targetonefestival.pl\/wp-content\/uploads\/2024\/10\/2.-Noc123-768x512.webp 768w, https:\/\/targetonefestival.pl\/wp-content\/uploads\/2024\/10\/2.-Noc123-300x200.webp 300w, https:\/\/targetonefestival.pl\/wp-content\/uploads\/2024\/10\/2.-Noc123-1024x683.webp 1024w, https:\/\/targetonefestival.pl\/wp-content\/uploads\/2024\/10\/2.-Noc123-1536x1025.webp 1536w, https:\/\/targetonefestival.pl\/wp-content\/uploads\/2024\/10\/2.-Noc123-2048x1366.webp 2048w\" sizes=\"(max-width: 768px) 100vw, 768px\" \/><\/a>\n\t\t\t<\/div><\/figure><figure class='gallery-item'>\n\t\t\t<div class='gallery-icon landscape'>\n\t\t\t\t<a data-elementor-open-lightbox=\"no\" href='https:\/\/targetonefestival.pl\/wp-content\/uploads\/2024\/10\/2.-Noc107-3-2-scaled.webp'><img decoding=\"async\" width=\"768\" height=\"512\" src=\"https:\/\/targetonefestival.pl\/wp-content\/uploads\/2024\/10\/2.-Noc107-3-2-768x512.webp\" class=\"attachment-medium_large size-medium_large\" alt=\"Target One Festival 2024 5\" srcset=\"https:\/\/targetonefestival.pl\/wp-content\/uploads\/2024\/10\/2.-Noc107-3-2-768x512.webp 768w, https:\/\/targetonefestival.pl\/wp-content\/uploads\/2024\/10\/2.-Noc107-3-2-300x200.webp 300w, https:\/\/targetonefestival.pl\/wp-content\/uploads\/2024\/10\/2.-Noc107-3-2-1024x683.webp 1024w, https:\/\/targetonefestival.pl\/wp-content\/uploads\/2024\/10\/2.-Noc107-3-2-1536x1025.webp 1536w, https:\/\/targetonefestival.pl\/wp-content\/uploads\/2024\/10\/2.-Noc107-3-2-2048x1366.webp 2048w\" sizes=\"(max-width: 768px) 100vw, 768px\" \/><\/a>\n\t\t\t<\/div><\/figure><figure class='gallery-item'>\n\t\t\t<div class='gallery-icon landscape'>\n\t\t\t\t<a data-elementor-open-lightbox=\"no\" href='https:\/\/targetonefestival.pl\/wp-content\/uploads\/2024\/10\/2.-Noc83-scaled.webp'><img decoding=\"async\" width=\"768\" height=\"512\" src=\"https:\/\/targetonefestival.pl\/wp-content\/uploads\/2024\/10\/2.-Noc83-768x512.webp\" class=\"attachment-medium_large size-medium_large\" alt=\"Target One Festival 2024 4\" srcset=\"https:\/\/targetonefestival.pl\/wp-content\/uploads\/2024\/10\/2.-Noc83-768x512.webp 768w, https:\/\/targetonefestival.pl\/wp-content\/uploads\/2024\/10\/2.-Noc83-300x200.webp 300w, https:\/\/targetonefestival.pl\/wp-content\/uploads\/2024\/10\/2.-Noc83-1024x683.webp 1024w, https:\/\/targetonefestival.pl\/wp-content\/uploads\/2024\/10\/2.-Noc83-1536x1025.webp 1536w, https:\/\/targetonefestival.pl\/wp-content\/uploads\/2024\/10\/2.-Noc83-2048x1366.webp 2048w\" sizes=\"(max-width: 768px) 100vw, 768px\" \/><\/a>\n\t\t\t<\/div><\/figure><figure class='gallery-item'>\n\t\t\t<div class='gallery-icon landscape'>\n\t\t\t\t<a data-elementor-open-lightbox=\"no\" href='https:\/\/targetonefestival.pl\/wp-content\/uploads\/2024\/10\/2.-Noc77-scaled.webp'><img loading=\"lazy\" decoding=\"async\" width=\"768\" height=\"512\" src=\"https:\/\/targetonefestival.pl\/wp-content\/uploads\/2024\/10\/2.-Noc77-768x512.webp\" class=\"attachment-medium_large size-medium_large\" alt=\"Target One Festival 2024 3\" srcset=\"https:\/\/targetonefestival.pl\/wp-content\/uploads\/2024\/10\/2.-Noc77-768x512.webp 768w, https:\/\/targetonefestival.pl\/wp-content\/uploads\/2024\/10\/2.-Noc77-300x200.webp 300w, https:\/\/targetonefestival.pl\/wp-content\/uploads\/2024\/10\/2.-Noc77-1024x683.webp 1024w, https:\/\/targetonefestival.pl\/wp-content\/uploads\/2024\/10\/2.-Noc77-1536x1025.webp 1536w, https:\/\/targetonefestival.pl\/wp-content\/uploads\/2024\/10\/2.-Noc77-2048x1366.webp 2048w\" sizes=\"(max-width: 768px) 100vw, 768px\" \/><\/a>\n\t\t\t<\/div><\/figure><figure class='gallery-item'>\n\t\t\t<div class='gallery-icon landscape'>\n\t\t\t\t<a data-elementor-open-lightbox=\"no\" href='https:\/\/targetonefestival.pl\/wp-content\/uploads\/2024\/10\/2.-Noc25-scaled.webp'><img loading=\"lazy\" decoding=\"async\" width=\"768\" height=\"512\" src=\"https:\/\/targetonefestival.pl\/wp-content\/uploads\/2024\/10\/2.-Noc25-768x512.webp\" class=\"attachment-medium_large size-medium_large\" alt=\"Target One Festival 2024 2\" srcset=\"https:\/\/targetonefestival.pl\/wp-content\/uploads\/2024\/10\/2.-Noc25-768x512.webp 768w, https:\/\/targetonefestival.pl\/wp-content\/uploads\/2024\/10\/2.-Noc25-300x200.webp 300w, https:\/\/targetonefestival.pl\/wp-content\/uploads\/2024\/10\/2.-Noc25-1024x683.webp 1024w, https:\/\/targetonefestival.pl\/wp-content\/uploads\/2024\/10\/2.-Noc25-1536x1025.webp 1536w, https:\/\/targetonefestival.pl\/wp-content\/uploads\/2024\/10\/2.-Noc25-2048x1366.webp 2048w\" sizes=\"(max-width: 768px) 100vw, 768px\" \/><\/a>\n\t\t\t<\/div><\/figure><figure class='gallery-item'>\n\t\t\t<div class='gallery-icon landscape'>\n\t\t\t\t<a data-elementor-open-lightbox=\"no\" href='https:\/\/targetonefestival.pl\/wp-content\/uploads\/2024\/10\/2.-Noc21-scaled.webp'><img loading=\"lazy\" decoding=\"async\" width=\"768\" height=\"512\" src=\"https:\/\/targetonefestival.pl\/wp-content\/uploads\/2024\/10\/2.-Noc21-768x512.webp\" class=\"attachment-medium_large size-medium_large\" alt=\"Target One Festival 2024 1\" srcset=\"https:\/\/targetonefestival.pl\/wp-content\/uploads\/2024\/10\/2.-Noc21-768x512.webp 768w, https:\/\/targetonefestival.pl\/wp-content\/uploads\/2024\/10\/2.-Noc21-300x200.webp 300w, https:\/\/targetonefestival.pl\/wp-content\/uploads\/2024\/10\/2.-Noc21-1024x683.webp 1024w, https:\/\/targetonefestival.pl\/wp-content\/uploads\/2024\/10\/2.-Noc21-1536x1025.webp 1536w, https:\/\/targetonefestival.pl\/wp-content\/uploads\/2024\/10\/2.-Noc21-2048x1366.webp 2048w\" sizes=\"(max-width: 768px) 100vw, 768px\" \/><\/a>\n\t\t\t<\/div><\/figure>\n\t\t<\/div>\n\t\t<\/div>\n\t\t\t\t<\/div>\n\t\t\t\t<\/div>\n\t\t\t\t<div class=\"elementor-element elementor-element-9e39fef elementor-widget elementor-widget-video\" data-id=\"9e39fef\" data-element_type=\"widget\" data-settings=\"{&quot;youtube_url&quot;:&quot;https:\\\/\\\/www.youtube.com\\\/watch?v=4RPlutU5hNc&quot;,&quot;video_type&quot;:&quot;youtube&quot;,&quot;controls&quot;:&quot;yes&quot;}\" data-widget_type=\"video.default\">\n\t\t\t\t<div class=\"elementor-widget-container\">\n\t\t\t\t\t<div class=\"elementor-wrapper elementor-open-inline\">\n\t\t\t<div class=\"elementor-video\"><\/div>\t\t<\/div>\n\t\t\t\t<\/div>\n\t\t\t\t<\/div>\n\t\t\t\t\t<\/div>\n\t\t\t\t<\/div>\n\t\t\t\t<\/div>\n\t\t","protected":false},"excerpt":{"rendered":"<p>O FESTIWALU Target One Festival &#8211; jeden z najwi\u0119kszych festiwali muzyki trance i techno w Polsce, kt\u00f3rego historia si\u0119ga 2017 roku. Pierwsza edycja odby\u0142a si\u0119 w dniach 4-5 sierpnia 2017 roku w Krotoszynie. Wydarzenie powr\u00f3ci\u0142o w 2021 roku i od tego momentu odbywa si\u0119 cyklicznie a\u017c do teraz. W 2024 roku festiwal poczyni\u0142 milowy krok [&hellip;]<\/p>\n","protected":false},"author":1,"featured_media":0,"parent":0,"menu_order":0,"comment_status":"closed","ping_status":"closed","template":"","meta":{"footnotes":""},"class_list":["post-1039","page","type-page","status-publish","hentry"],"yoast_head":"<!-- This site is optimized with the Yoast SEO plugin v23.6 - https:\/\/yoast.com\/wordpress\/plugins\/seo\/ -->\n<title>O festiwalu - Target One Festival - festiwal muzyki elektronicznej<\/title>\n<meta name=\"robots\" content=\"index, follow, max-snippet:-1, max-image-preview:large, max-video-preview:-1\" \/>\n<link rel=\"canonical\" href=\"https:\/\/targetonefestival.pl\/en\/o-festiwalu\/\" \/>\n<meta property=\"og:locale\" content=\"en_GB\" \/>\n<meta property=\"og:type\" content=\"article\" \/>\n<meta property=\"og:title\" content=\"O festiwalu - Target One Festival - festiwal muzyki elektronicznej\" \/>\n<meta property=\"og:description\" content=\"O FESTIWALU Target One Festival &#8211; jeden z najwi\u0119kszych festiwali muzyki trance i techno w Polsce, kt\u00f3rego historia si\u0119ga 2017 roku. Pierwsza edycja odby\u0142a si\u0119 w dniach 4-5 sierpnia 2017 roku w Krotoszynie. Wydarzenie powr\u00f3ci\u0142o w 2021 roku i od tego momentu odbywa si\u0119 cyklicznie a\u017c do teraz. W 2024 roku festiwal poczyni\u0142 milowy krok [&hellip;]\" \/>\n<meta property=\"og:url\" content=\"https:\/\/targetonefestival.pl\/en\/o-festiwalu\/\" \/>\n<meta property=\"og:site_name\" content=\"Target One Festival - festiwal muzyki elektronicznej\" \/>\n<meta property=\"article:publisher\" content=\"https:\/\/www.facebook.com\/targetonefestival\/\" \/>\n<meta property=\"article:modified_time\" content=\"2026-01-26T19:11:26+00:00\" \/>\n<meta property=\"og:image\" content=\"https:\/\/targetonefestival.pl\/wp-content\/uploads\/2024\/10\/2.-Noc123-768x512.webp\" \/>\n<meta name=\"twitter:card\" content=\"summary_large_image\" \/>\n<meta name=\"twitter:label1\" content=\"Estimated reading time\" \/>\n\t<meta name=\"twitter:data1\" content=\"3 minutes\" \/>\n<script type=\"application\/ld+json\" class=\"yoast-schema-graph\">{\"@context\":\"https:\/\/schema.org\",\"@graph\":[{\"@type\":\"WebPage\",\"@id\":\"https:\/\/targetonefestival.pl\/o-festiwalu\/\",\"url\":\"https:\/\/targetonefestival.pl\/o-festiwalu\/\",\"name\":\"O festiwalu - Target One Festival - festiwal muzyki elektronicznej\",\"isPartOf\":{\"@id\":\"https:\/\/targetonefestival.pl\/#website\"},\"primaryImageOfPage\":{\"@id\":\"https:\/\/targetonefestival.pl\/o-festiwalu\/#primaryimage\"},\"image\":{\"@id\":\"https:\/\/targetonefestival.pl\/o-festiwalu\/#primaryimage\"},\"thumbnailUrl\":\"https:\/\/targetonefestival.pl\/wp-content\/uploads\/2024\/10\/2.-Noc123-768x512.webp\",\"datePublished\":\"2025-01-26T19:22:29+00:00\",\"dateModified\":\"2026-01-26T19:11:26+00:00\",\"breadcrumb\":{\"@id\":\"https:\/\/targetonefestival.pl\/o-festiwalu\/#breadcrumb\"},\"inLanguage\":\"en-GB\",\"potentialAction\":[{\"@type\":\"ReadAction\",\"target\":[\"https:\/\/targetonefestival.pl\/o-festiwalu\/\"]}]},{\"@type\":\"ImageObject\",\"inLanguage\":\"en-GB\",\"@id\":\"https:\/\/targetonefestival.pl\/o-festiwalu\/#primaryimage\",\"url\":\"https:\/\/targetonefestival.pl\/wp-content\/uploads\/2024\/10\/2.-Noc123-768x512.webp\",\"contentUrl\":\"https:\/\/targetonefestival.pl\/wp-content\/uploads\/2024\/10\/2.-Noc123-768x512.webp\"},{\"@type\":\"BreadcrumbList\",\"@id\":\"https:\/\/targetonefestival.pl\/o-festiwalu\/#breadcrumb\",\"itemListElement\":[{\"@type\":\"ListItem\",\"position\":1,\"name\":\"Strona g\u0142\u00f3wna\",\"item\":\"https:\/\/targetonefestival.pl\/\"},{\"@type\":\"ListItem\",\"position\":2,\"name\":\"O festiwalu\"}]},{\"@type\":\"WebSite\",\"@id\":\"https:\/\/targetonefestival.pl\/#website\",\"url\":\"https:\/\/targetonefestival.pl\/\",\"name\":\"Target One Festival - festiwal muzyki elektronicznej\",\"description\":\"Target One Festival \u2013 festiwal muzyki elektronicznej\",\"publisher\":{\"@id\":\"https:\/\/targetonefestival.pl\/#organization\"},\"potentialAction\":[{\"@type\":\"SearchAction\",\"target\":{\"@type\":\"EntryPoint\",\"urlTemplate\":\"https:\/\/targetonefestival.pl\/?s={search_term_string}\"},\"query-input\":{\"@type\":\"PropertyValueSpecification\",\"valueRequired\":true,\"valueName\":\"search_term_string\"}}],\"inLanguage\":\"en-GB\"},{\"@type\":\"Organization\",\"@id\":\"https:\/\/targetonefestival.pl\/#organization\",\"name\":\"Target One Festival\",\"url\":\"https:\/\/targetonefestival.pl\/\",\"logo\":{\"@type\":\"ImageObject\",\"inLanguage\":\"en-GB\",\"@id\":\"https:\/\/targetonefestival.pl\/#\/schema\/logo\/image\/\",\"url\":\"https:\/\/targetonefestival.pl\/wp-content\/uploads\/2024\/10\/cropped-LOGO-TOF-GREEN-WWW-V1.png\",\"contentUrl\":\"https:\/\/targetonefestival.pl\/wp-content\/uploads\/2024\/10\/cropped-LOGO-TOF-GREEN-WWW-V1.png\",\"width\":512,\"height\":512,\"caption\":\"Target One Festival\"},\"image\":{\"@id\":\"https:\/\/targetonefestival.pl\/#\/schema\/logo\/image\/\"},\"sameAs\":[\"https:\/\/www.facebook.com\/targetonefestival\/\"]}]}<\/script>\n<!-- \/ Yoast SEO plugin. -->","yoast_head_json":{"title":"O festiwalu - Target One Festival - festiwal muzyki elektronicznej","robots":{"index":"index","follow":"follow","max-snippet":"max-snippet:-1","max-image-preview":"max-image-preview:large","max-video-preview":"max-video-preview:-1"},"canonical":"https:\/\/targetonefestival.pl\/en\/o-festiwalu\/","og_locale":"en_GB","og_type":"article","og_title":"O festiwalu - Target One Festival - festiwal muzyki elektronicznej","og_description":"O FESTIWALU Target One Festival &#8211; jeden z najwi\u0119kszych festiwali muzyki trance i techno w Polsce, kt\u00f3rego historia si\u0119ga 2017 roku. Pierwsza edycja odby\u0142a si\u0119 w dniach 4-5 sierpnia 2017 roku w Krotoszynie. Wydarzenie powr\u00f3ci\u0142o w 2021 roku i od tego momentu odbywa si\u0119 cyklicznie a\u017c do teraz. W 2024 roku festiwal poczyni\u0142 milowy krok [&hellip;]","og_url":"https:\/\/targetonefestival.pl\/en\/o-festiwalu\/","og_site_name":"Target One Festival - festiwal muzyki elektronicznej","article_publisher":"https:\/\/www.facebook.com\/targetonefestival\/","article_modified_time":"2026-01-26T19:11:26+00:00","og_image":[{"url":"https:\/\/targetonefestival.pl\/wp-content\/uploads\/2024\/10\/2.-Noc123-768x512.webp"}],"twitter_card":"summary_large_image","twitter_misc":{"Estimated reading time":"3 minutes"},"schema":{"@context":"https:\/\/schema.org","@graph":[{"@type":"WebPage","@id":"https:\/\/targetonefestival.pl\/o-festiwalu\/","url":"https:\/\/targetonefestival.pl\/o-festiwalu\/","name":"O festiwalu - Target One Festival - festiwal muzyki elektronicznej","isPartOf":{"@id":"https:\/\/targetonefestival.pl\/#website"},"primaryImageOfPage":{"@id":"https:\/\/targetonefestival.pl\/o-festiwalu\/#primaryimage"},"image":{"@id":"https:\/\/targetonefestival.pl\/o-festiwalu\/#primaryimage"},"thumbnailUrl":"https:\/\/targetonefestival.pl\/wp-content\/uploads\/2024\/10\/2.-Noc123-768x512.webp","datePublished":"2025-01-26T19:22:29+00:00","dateModified":"2026-01-26T19:11:26+00:00","breadcrumb":{"@id":"https:\/\/targetonefestival.pl\/o-festiwalu\/#breadcrumb"},"inLanguage":"en-GB","potentialAction":[{"@type":"ReadAction","target":["https:\/\/targetonefestival.pl\/o-festiwalu\/"]}]},{"@type":"ImageObject","inLanguage":"en-GB","@id":"https:\/\/targetonefestival.pl\/o-festiwalu\/#primaryimage","url":"https:\/\/targetonefestival.pl\/wp-content\/uploads\/2024\/10\/2.-Noc123-768x512.webp","contentUrl":"https:\/\/targetonefestival.pl\/wp-content\/uploads\/2024\/10\/2.-Noc123-768x512.webp"},{"@type":"BreadcrumbList","@id":"https:\/\/targetonefestival.pl\/o-festiwalu\/#breadcrumb","itemListElement":[{"@type":"ListItem","position":1,"name":"Strona g\u0142\u00f3wna","item":"https:\/\/targetonefestival.pl\/"},{"@type":"ListItem","position":2,"name":"O festiwalu"}]},{"@type":"WebSite","@id":"https:\/\/targetonefestival.pl\/#website","url":"https:\/\/targetonefestival.pl\/","name":"Target One Festival - festiwal muzyki elektronicznej","description":"Target One Festival \u2013 festiwal muzyki elektronicznej","publisher":{"@id":"https:\/\/targetonefestival.pl\/#organization"},"potentialAction":[{"@type":"SearchAction","target":{"@type":"EntryPoint","urlTemplate":"https:\/\/targetonefestival.pl\/?s={search_term_string}"},"query-input":{"@type":"PropertyValueSpecification","valueRequired":true,"valueName":"search_term_string"}}],"inLanguage":"en-GB"},{"@type":"Organization","@id":"https:\/\/targetonefestival.pl\/#organization","name":"Target One Festival","url":"https:\/\/targetonefestival.pl\/","logo":{"@type":"ImageObject","inLanguage":"en-GB","@id":"https:\/\/targetonefestival.pl\/#\/schema\/logo\/image\/","url":"https:\/\/targetonefestival.pl\/wp-content\/uploads\/2024\/10\/cropped-LOGO-TOF-GREEN-WWW-V1.png","contentUrl":"https:\/\/targetonefestival.pl\/wp-content\/uploads\/2024\/10\/cropped-LOGO-TOF-GREEN-WWW-V1.png","width":512,"height":512,"caption":"Target One Festival"},"image":{"@id":"https:\/\/targetonefestival.pl\/#\/schema\/logo\/image\/"},"sameAs":["https:\/\/www.facebook.com\/targetonefestival\/"]}]}},"_links":{"self":[{"href":"https:\/\/targetonefestival.pl\/en\/wp-json\/wp\/v2\/pages\/1039","targetHints":{"allow":["GET"]}}],"collection":[{"href":"https:\/\/targetonefestival.pl\/en\/wp-json\/wp\/v2\/pages"}],"about":[{"href":"https:\/\/targetonefestival.pl\/en\/wp-json\/wp\/v2\/types\/page"}],"author":[{"embeddable":true,"href":"https:\/\/targetonefestival.pl\/en\/wp-json\/wp\/v2\/users\/1"}],"replies":[{"embeddable":true,"href":"https:\/\/targetonefestival.pl\/en\/wp-json\/wp\/v2\/comments?post=1039"}],"version-history":[{"count":71,"href":"https:\/\/targetonefestival.pl\/en\/wp-json\/wp\/v2\/pages\/1039\/revisions"}],"predecessor-version":[{"id":1840,"href":"https:\/\/targetonefestival.pl\/en\/wp-json\/wp\/v2\/pages\/1039\/revisions\/1840"}],"wp:attachment":[{"href":"https:\/\/targetonefestival.pl\/en\/wp-json\/wp\/v2\/media?parent=1039"}],"curies":[{"name":"wp","href":"https:\/\/api.w.org\/{rel}","templated":true}]}}